{"id":1888,"date":"2022-05-18T13:25:04","date_gmt":"2022-05-18T13:25:04","guid":{"rendered":"https:\/\/www.campinglloretblau.com\/mobil-home\/"},"modified":"2026-01-19T08:13:12","modified_gmt":"2026-01-19T08:13:12","slug":"mobil-home","status":"publish","type":"page","link":"https:\/\/www.campinglloretblau.com\/fr\/logement\/mobil-home\/","title":{"rendered":"Mobil Home"},"content":{"rendered":"<div class=\"wp-block-gallery slider header_slider\"><img decoding=\"async\" data-src=\"https:\/\/www.campinglloretblau.com\/wp-content\/uploads\/2022\/05\/mobil-home-camping-evo-33-salon-y-cocina.jpg\" alt=\"\" src=\"data:image\/svg+xml;base64,PHN2ZyB3aWR0aD0iMSIgaGVpZ2h0PSIxIiB4bWxucz0iaHR0cDovL3d3dy53My5vcmcvMjAwMC9zdmciPjwvc3ZnPg==\" class=\"lazyload\" style=\"--smush-placeholder-width: 840px; --smush-placeholder-aspect-ratio: 840\/630;\" \/><img decoding=\"async\" data-src=\"https:\/\/www.campinglloretblau.com\/wp-content\/uploads\/2022\/05\/exterior-mobil-home-lloret-blau.jpg\" alt=\"\" src=\"data:image\/svg+xml;base64,PHN2ZyB3aWR0aD0iMSIgaGVpZ2h0PSIxIiB4bWxucz0iaHR0cDovL3d3dy53My5vcmcvMjAwMC9zdmciPjwvc3ZnPg==\" class=\"lazyload\" style=\"--smush-placeholder-width: 840px; --smush-placeholder-aspect-ratio: 840\/630;\" \/><img decoding=\"async\" data-src=\"https:\/\/www.campinglloretblau.com\/wp-content\/uploads\/2022\/05\/interior-de-mobil-home-evo-29.jpg\" alt=\"\" src=\"data:image\/svg+xml;base64,PHN2ZyB3aWR0aD0iMSIgaGVpZ2h0PSIxIiB4bWxucz0iaHR0cDovL3d3dy53My5vcmcvMjAwMC9zdmciPjwvc3ZnPg==\" class=\"lazyload\" style=\"--smush-placeholder-width: 840px; --smush-placeholder-aspect-ratio: 840\/630;\" \/><img decoding=\"async\" data-src=\"https:\/\/www.campinglloretblau.com\/wp-content\/uploads\/2022\/05\/familia-en-exterior-de-mobil-home.jpg\" alt=\"\" src=\"data:image\/svg+xml;base64,PHN2ZyB3aWR0aD0iMSIgaGVpZ2h0PSIxIiB4bWxucz0iaHR0cDovL3d3dy53My5vcmcvMjAwMC9zdmciPjwvc3ZnPg==\" class=\"lazyload\" style=\"--smush-placeholder-width: 840px; --smush-placeholder-aspect-ratio: 840\/630;\" \/><\/div>\n\n<div id=\"container-block_b8842ad6a753c481663299fdc01fcdd9\" class=\"wp-block-group wp-block-container big-padding-top\">\n    \n\n<h1 class=\"wp-block-heading has-text-align-center\">Camping Mobil Home sur la Costa Brava<\/h1>\n\n\n\n<p class=\"has-text-align-center\">Profitez de la nature dans son \u00e9tat le plus pur sans sacrifier le confort.<\/p>\n\n\n<div class=\"feature_box\"><div class=\"item item_wifi\">Wifi<\/div><div class=\"item item_cocina\">Cuisine<\/div><div class=\"item item_no_mascotas\">Animaux De Compagnie (Jusqu'\u00e0 10 Kg)<\/div><div class=\"item item_electricidad\">\u00c9lectricit\u00e9<\/div><div class=\"item item_bano\">Salle de bains<\/div><div class=\"item item_alquiler_bicicletas\">Location de bicyclettes<\/div><\/div>\n\n\n\n<div class=\"wp-block-buttons is-content-justification-center is-layout-flex wp-container-core-buttons-is-layout-16018d1d wp-block-buttons-is-layout-flex\">\n<div class=\"wp-block-button boton_alternativo\"><a class=\"wp-block-button__link wp-element-button\" href=\"https:\/\/engine.prod.witbooking.com\/fr\/hotel\/campinglloretblau\">R\u00c9SERVEZ MAINTENANT<\/a><\/div>\n<\/div>\n\n\n<\/div>\n\n<div id=\"container-block_f32c3ebecb16efbf69bd81fdf4ab63d3\" class=\"wp-block-group wp-block-container big-padding-top big-wrapper\">\n    \n\n<h2 class=\"wp-block-heading\">Mobil Home \u00e0 Lloret de Mar<\/h2>\n\n\n\n<p>Tout le confort d&#8217;une maison sur le camping.<\/p>\n\n\n\n<p>Des mobil-homes enti\u00e8rement \u00e9quip\u00e9s avec leur propre terrasse !<\/p>\n\n\n\n<p>Profiter de ses vacances au Camping Lloret Blau n&#8217;est pas incompatible avec tous les conforts d&#8217;une maison compl\u00e8te. Tous nos Mobile Homes sont \u00e9quip\u00e9s de toilettes, d&#8217;une cuisine enti\u00e8rement \u00e9quip\u00e9e, de la climatisation\/du chauffage, d&#8217;une connexion Internet par fibre optique, d&#8217;une t\u00e9l\u00e9vision intelligente et de leur propre terrasse. Et tout cela \u00e0 quelques m\u00e8tres seulement de la plage.<\/p>\n\n\n\n<p>Profitez de vacances avec tout le confort !<\/p>\n\n\n<\/div>\n\n<div id=\"container-block_f32c3ebecb16efbf69bd81fdf4ab63d3\" class=\"wp-block-group wp-block-container big-padding-top big-wrapper\">\n    \n\n<h2 class=\"wp-block-heading\">Caract\u00e9ristiques du Mobil Home<\/h2>\n\n\n\n<ul class=\"wp-block-list tag_list\">\n<li>MAT\u00c9RIEL DE CUISINE<\/li>\n\n\n\n<li>3-5 LITS<\/li>\n\n\n\n<li>TERRACE<\/li>\n\n\n\n<li><a href=\"#inventario\">INVENTAIRE<\/a><\/li>\n\n\n\n<li><a href=\"\/wp-content\/uploads\/2022\/05\/Plano-informatiu-Camping-Lloret-Blau-MH.pdf\" target=\"_blank\" rel=\"noreferrer noopener\">VOIR LA CARTE<\/a><\/li>\n<\/ul>\n\n\n\n<p>Au <strong>Camping Lloret Blau<\/strong>, nous disposons d&#8217;un large \u00e9ventail d&#8217;options d&#8217;h\u00e9bergement. D&#8217;une part, vous avez l&#8217;option du Glamping, vous pouvez louer votre emplacement, venir avec votre camping-car ou si vous pr\u00e9f\u00e9rez rester dans un <strong>mobile home<\/strong>.<\/p>\n\n\n\n<p>Une <strong>maison mobile<\/strong> est une maison qui <strong>peut \u00eatre facilement transport\u00e9e<\/strong> car elle est \u00e9quip\u00e9e d&#8217;un ch\u00e2ssis, de roues et d&#8217;un timon. Elle peut \u00eatre de diff\u00e9rentes tailles et dispose de tous les conforts qu&#8217;une maison ordinaire peut offrir.<\/p>\n\n\n\n<p>Au <strong>Camping Lloret Blau<\/strong>, situ\u00e9 sur la Costa Brava, nous proposons ce type d&#8217;h\u00e9bergement : tout le confort d&#8217;une maison sur le camping.<\/p>\n\n\n<\/div>\n\n<div id=\"container-block_f32c3ebecb16efbf69bd81fdf4ab63d3\" class=\"wp-block-group wp-block-container big-padding-top big-wrapper\">\n    \n\n<h2 class=\"wp-block-heading\">R\u00e9servez votre Mobil Home \u00e0 Lloret de Mar<\/h2>\n\n\n\n<p><\/p>\n\n\n\n<div class=\"wp-block-columns lista_precios is-layout-flex wp-container-core-columns-is-layout-9d6595d7 wp-block-columns-is-layout-flex\">\n<div class=\"wp-block-column is-layout-flow wp-block-column-is-layout-flow\"><\/div>\n\n\n\n<div class=\"wp-block-column is-layout-flow wp-block-column-is-layout-flow\">\n<div class=\"wp-block-buttons is-content-justification-center is-layout-flex wp-container-core-buttons-is-layout-16018d1d wp-block-buttons-is-layout-flex\">\n<div class=\"wp-block-button boton_alternativo\"><a class=\"wp-block-button__link wp-element-button\" href=\"https:\/\/engine.prod.witbooking.com\/fr\/hotel\/campinglloretblau\">R\u00c9SERVEZ MAINTENANT<\/a><\/div>\n<\/div>\n<\/div>\n\n\n\n<div class=\"wp-block-column is-layout-flow wp-block-column-is-layout-flow\"><\/div>\n<\/div>\n\n\n<\/div>\n\n<div id=\"container-block_f32c3ebecb16efbf69bd81fdf4ab63d3\" class=\"wp-block-group wp-block-container big-padding-top big-wrapper\">\n    \n\n<h2 class=\"wp-block-heading\"><strong>Camping Mobil home en Catalogne<\/strong><\/h2>\n\n\n\n<p>Profiter de ses vacances \u00e0 Lloret de Mar au <strong>Camping Lloret Blau<\/strong> n&#8217;est pas incompatible avec tout le confort d&#8217;une maison compl\u00e8te. Nous disposons de <strong>mobil-homes modernes<\/strong>, car tous nos <strong>mobil-homes<\/strong> sont \u00e9quip\u00e9s de toilettes, d&#8217;une cuisine enti\u00e8rement \u00e9quip\u00e9e, de la climatisation\/du chauffage, d&#8217;une connexion Internet par fibre optique, d&#8217;une t\u00e9l\u00e9vision intelligente et de leur propre terrasse. Et tout cela \u00e0 quelques m\u00e8tres seulement de la plage.<\/p>\n\n\n\n<p>Dans notre camping de la Costa Brava, nous proposons actuellement deux options de <strong>mobil-homes<\/strong>, l&#8217;Evo 29 et l&#8217;Evo 33 (<strong>grands mobil-homes<\/strong>). En fonction du nombre de personnes avec lesquelles vous souhaitez partager cette magnifique exp\u00e9rience de vacances, nous vous recommandons l&#8217;une ou l&#8217;autre option. Le confort est le m\u00eame et la seule diff\u00e9rence est le nombre de chambres.<\/p>\n\n\n\n<p>Vous trouverez ci-dessous une explication d\u00e9taill\u00e9e des caract\u00e9ristiques de chacun des mod\u00e8les disponibles dans notre camping :&nbsp;<\/p>\n\n\n\n<h4 class=\"wp-block-heading\">Evo 29 : mobil home pour 4 personnes<\/h4>\n\n\n\n<p>Les mobil-homes Evo 29 (<strong>mobil-home 2 pi\u00e8ces<\/strong>) ont une surface de 29 m2 et une grande terrasse de 6,45 m2. Il a une capacit\u00e9 de 4\/5 personnes et sa distribution est une chambre avec un lit double et une autre chambre avec deux lits simples. Salle de s\u00e9jour avec canap\u00e9-lit.&nbsp;<strong>Mobil-home int\u00e9rieur<\/strong> : il dispose de toilettes, d&#8217;une cuisine enti\u00e8rement \u00e9quip\u00e9e, de la climatisation\/du chauffage, d&#8217;une connexion Internet par fibre optique, d&#8217;une t\u00e9l\u00e9vision intelligente et de meubles sur la terrasse.<\/p>\n\n\n\n<h4 class=\"wp-block-heading\"><strong>Evo 33 : mobil homes pour 6 personnes<\/strong><\/h4>\n\n\n\n<p>Les mobil-homes Evo 33 (<strong>mobil-home 3 pi\u00e8ces<\/strong>) ont une superficie de 33 m\u00b2 et une grande terrasse de 6,45 m. Ils peuvent accueillir 4\/6 personnes et disposent d&#8217;une chambre avec un lit double et de 2 chambres avec deux lits simples.&nbsp;<strong>Mobil-home int\u00e9rieur<\/strong> : il dispose de toilettes, d&#8217;une salle \u00e0 manger avec une cuisine enti\u00e8rement \u00e9quip\u00e9e, de la climatisation\/du chauffage, d&#8217;une connexion en fibre optique et d&#8217;une Smart TV, et de meubles pour la terrasse.<\/p>\n\n\n\n<p>Au <strong>Camping Lloret Blau<\/strong>, nous vous proposons des vacances en camping authentiques sans renoncer au confort et aux services d&#8217;un h\u00e9bergement traditionnel gr\u00e2ce \u00e0 nos <strong>mobil-homes<\/strong>. Vous pourrez profiter des belles plages de la Costa Brava, de l&#8217;air frais de la mer et de la tranquillit\u00e9 d&#8217;\u00eatre loin de l&#8217;agitation de la ville dans un paysage naturel. N&#8217;attendez plus et profitez de vacances tout confort !<\/p>\n\n\n\n<p>Que demander de plus \u00e0 un camping de Lloret de Mar ?<\/p>\n\n\n<\/div>\n\n<div id=\"container-block_f32c3ebecb16efbf69bd81fdf4ab63d3\" class=\"wp-block-group wp-block-container big-padding-top big-wrapper\">\n    \n<\/div>","protected":false},"excerpt":{"rendered":"","protected":false},"author":1,"featured_media":0,"parent":1898,"menu_order":0,"comment_status":"closed","ping_status":"closed","template":"template-publicaciones.php","meta":{"_acf_changed":false,"_joinchat":[],"footnotes":""},"class_list":["post-1888","page","type-page","status-publish","hentry"],"acf":[],"yoast_head":"<!-- This site is optimized with the Yoast SEO plugin v27.6 - https:\/\/yoast.com\/product\/yoast-seo-wordpress\/ -->\n<title>Camping Mobil Home sur la Costa Brava - Camping Lloret Blau<\/title>\n<meta name=\"description\" content=\"Camping Mobil Home sur la Costa Brava, Lloret de Mar. Camping familial avec mobil-home en Catalogne pr\u00e8s de la plage. R\u00e9servez votre logement\" \/>\n<meta name=\"robots\" content=\"index, follow, max-snippet:-1, max-image-preview:large, max-video-preview:-1\" \/>\n<link rel=\"canonical\" href=\"https:\/\/www.campinglloretblau.com\/fr\/logement\/mobil-home\/\" \/>\n<meta property=\"og:locale\" content=\"fr_FR\" \/>\n<meta property=\"og:type\" content=\"article\" \/>\n<meta property=\"og:title\" content=\"Camping Mobil Home sur la Costa Brava - Camping Lloret Blau\" \/>\n<meta property=\"og:description\" content=\"Camping Mobil Home sur la Costa Brava, Lloret de Mar. Camping familial avec mobil-home en Catalogne pr\u00e8s de la plage. R\u00e9servez votre logement\" \/>\n<meta property=\"og:url\" content=\"https:\/\/www.campinglloretblau.com\/fr\/logement\/mobil-home\/\" \/>\n<meta property=\"og:site_name\" content=\"Camping Lloret Blau\" \/>\n<meta property=\"article:modified_time\" content=\"2026-01-19T08:13:12+00:00\" \/>\n<meta property=\"og:image\" content=\"https:\/\/www.campinglloretblau.com\/wp-content\/uploads\/2022\/05\/mobil-home-camping-evo-33-salon-y-cocina.jpg\" \/>\n<meta name=\"twitter:card\" content=\"summary_large_image\" \/>\n<meta name=\"twitter:label1\" content=\"Est. reading time\" \/>\n\t<meta name=\"twitter:data1\" content=\"4 minutes\" \/>\n<script type=\"application\/ld+json\" class=\"yoast-schema-graph\">{\"@context\":\"https:\\\/\\\/schema.org\",\"@graph\":[{\"@type\":\"WebPage\",\"@id\":\"https:\\\/\\\/www.campinglloretblau.com\\\/fr\\\/logement\\\/mobil-home\\\/\",\"url\":\"https:\\\/\\\/www.campinglloretblau.com\\\/fr\\\/logement\\\/mobil-home\\\/\",\"name\":\"Camping Mobil Home sur la Costa Brava - Camping Lloret Blau\",\"isPartOf\":{\"@id\":\"https:\\\/\\\/www.campinglloretblau.com\\\/fr\\\/#website\"},\"primaryImageOfPage\":{\"@id\":\"https:\\\/\\\/www.campinglloretblau.com\\\/fr\\\/logement\\\/mobil-home\\\/#primaryimage\"},\"image\":{\"@id\":\"https:\\\/\\\/www.campinglloretblau.com\\\/fr\\\/logement\\\/mobil-home\\\/#primaryimage\"},\"thumbnailUrl\":\"https:\\\/\\\/www.campinglloretblau.com\\\/wp-content\\\/uploads\\\/2022\\\/05\\\/mobil-home-camping-evo-33-salon-y-cocina.jpg\",\"datePublished\":\"2022-05-18T13:25:04+00:00\",\"dateModified\":\"2026-01-19T08:13:12+00:00\",\"description\":\"Camping Mobil Home sur la Costa Brava, Lloret de Mar. Camping familial avec mobil-home en Catalogne pr\u00e8s de la plage. R\u00e9servez votre logement\",\"breadcrumb\":{\"@id\":\"https:\\\/\\\/www.campinglloretblau.com\\\/fr\\\/logement\\\/mobil-home\\\/#breadcrumb\"},\"inLanguage\":\"fr-FR\",\"potentialAction\":[{\"@type\":\"ReadAction\",\"target\":[\"https:\\\/\\\/www.campinglloretblau.com\\\/fr\\\/logement\\\/mobil-home\\\/\"]}]},{\"@type\":\"ImageObject\",\"inLanguage\":\"fr-FR\",\"@id\":\"https:\\\/\\\/www.campinglloretblau.com\\\/fr\\\/logement\\\/mobil-home\\\/#primaryimage\",\"url\":\"https:\\\/\\\/www.campinglloretblau.com\\\/wp-content\\\/uploads\\\/2022\\\/05\\\/mobil-home-camping-evo-33-salon-y-cocina.jpg\",\"contentUrl\":\"https:\\\/\\\/www.campinglloretblau.com\\\/wp-content\\\/uploads\\\/2022\\\/05\\\/mobil-home-camping-evo-33-salon-y-cocina.jpg\"},{\"@type\":\"BreadcrumbList\",\"@id\":\"https:\\\/\\\/www.campinglloretblau.com\\\/fr\\\/logement\\\/mobil-home\\\/#breadcrumb\",\"itemListElement\":[{\"@type\":\"ListItem\",\"position\":1,\"name\":\"Home\",\"item\":\"https:\\\/\\\/www.campinglloretblau.com\\\/fr\\\/\"},{\"@type\":\"ListItem\",\"position\":2,\"name\":\"Logement\",\"item\":\"http:\\\/\\\/betalloretblau.online.mialias.net\\\/logement\\\/\"},{\"@type\":\"ListItem\",\"position\":3,\"name\":\"Mobil Home\"}]},{\"@type\":\"WebSite\",\"@id\":\"https:\\\/\\\/www.campinglloretblau.com\\\/fr\\\/#website\",\"url\":\"https:\\\/\\\/www.campinglloretblau.com\\\/fr\\\/\",\"name\":\"Camping Lloret Blau\",\"description\":\"\",\"potentialAction\":[{\"@type\":\"SearchAction\",\"target\":{\"@type\":\"EntryPoint\",\"urlTemplate\":\"https:\\\/\\\/www.campinglloretblau.com\\\/fr\\\/?s={search_term_string}\"},\"query-input\":{\"@type\":\"PropertyValueSpecification\",\"valueRequired\":true,\"valueName\":\"search_term_string\"}}],\"inLanguage\":\"fr-FR\"}]}<\/script>\n<!-- \/ Yoast SEO plugin. -->","yoast_head_json":{"title":"Camping Mobil Home sur la Costa Brava - Camping Lloret Blau","description":"Camping Mobil Home sur la Costa Brava, Lloret de Mar. Camping familial avec mobil-home en Catalogne pr\u00e8s de la plage. R\u00e9servez votre logement","robots":{"index":"index","follow":"follow","max-snippet":"max-snippet:-1","max-image-preview":"max-image-preview:large","max-video-preview":"max-video-preview:-1"},"canonical":"https:\/\/www.campinglloretblau.com\/fr\/logement\/mobil-home\/","og_locale":"fr_FR","og_type":"article","og_title":"Camping Mobil Home sur la Costa Brava - Camping Lloret Blau","og_description":"Camping Mobil Home sur la Costa Brava, Lloret de Mar. Camping familial avec mobil-home en Catalogne pr\u00e8s de la plage. R\u00e9servez votre logement","og_url":"https:\/\/www.campinglloretblau.com\/fr\/logement\/mobil-home\/","og_site_name":"Camping Lloret Blau","article_modified_time":"2026-01-19T08:13:12+00:00","og_image":[{"url":"https:\/\/www.campinglloretblau.com\/wp-content\/uploads\/2022\/05\/mobil-home-camping-evo-33-salon-y-cocina.jpg","type":"","width":"","height":""}],"twitter_card":"summary_large_image","twitter_misc":{"Est. reading time":"4 minutes"},"schema":{"@context":"https:\/\/schema.org","@graph":[{"@type":"WebPage","@id":"https:\/\/www.campinglloretblau.com\/fr\/logement\/mobil-home\/","url":"https:\/\/www.campinglloretblau.com\/fr\/logement\/mobil-home\/","name":"Camping Mobil Home sur la Costa Brava - Camping Lloret Blau","isPartOf":{"@id":"https:\/\/www.campinglloretblau.com\/fr\/#website"},"primaryImageOfPage":{"@id":"https:\/\/www.campinglloretblau.com\/fr\/logement\/mobil-home\/#primaryimage"},"image":{"@id":"https:\/\/www.campinglloretblau.com\/fr\/logement\/mobil-home\/#primaryimage"},"thumbnailUrl":"https:\/\/www.campinglloretblau.com\/wp-content\/uploads\/2022\/05\/mobil-home-camping-evo-33-salon-y-cocina.jpg","datePublished":"2022-05-18T13:25:04+00:00","dateModified":"2026-01-19T08:13:12+00:00","description":"Camping Mobil Home sur la Costa Brava, Lloret de Mar. Camping familial avec mobil-home en Catalogne pr\u00e8s de la plage. R\u00e9servez votre logement","breadcrumb":{"@id":"https:\/\/www.campinglloretblau.com\/fr\/logement\/mobil-home\/#breadcrumb"},"inLanguage":"fr-FR","potentialAction":[{"@type":"ReadAction","target":["https:\/\/www.campinglloretblau.com\/fr\/logement\/mobil-home\/"]}]},{"@type":"ImageObject","inLanguage":"fr-FR","@id":"https:\/\/www.campinglloretblau.com\/fr\/logement\/mobil-home\/#primaryimage","url":"https:\/\/www.campinglloretblau.com\/wp-content\/uploads\/2022\/05\/mobil-home-camping-evo-33-salon-y-cocina.jpg","contentUrl":"https:\/\/www.campinglloretblau.com\/wp-content\/uploads\/2022\/05\/mobil-home-camping-evo-33-salon-y-cocina.jpg"},{"@type":"BreadcrumbList","@id":"https:\/\/www.campinglloretblau.com\/fr\/logement\/mobil-home\/#breadcrumb","itemListElement":[{"@type":"ListItem","position":1,"name":"Home","item":"https:\/\/www.campinglloretblau.com\/fr\/"},{"@type":"ListItem","position":2,"name":"Logement","item":"http:\/\/betalloretblau.online.mialias.net\/logement\/"},{"@type":"ListItem","position":3,"name":"Mobil Home"}]},{"@type":"WebSite","@id":"https:\/\/www.campinglloretblau.com\/fr\/#website","url":"https:\/\/www.campinglloretblau.com\/fr\/","name":"Camping Lloret Blau","description":"","potentialAction":[{"@type":"SearchAction","target":{"@type":"EntryPoint","urlTemplate":"https:\/\/www.campinglloretblau.com\/fr\/?s={search_term_string}"},"query-input":{"@type":"PropertyValueSpecification","valueRequired":true,"valueName":"search_term_string"}}],"inLanguage":"fr-FR"}]}},"_links":{"self":[{"href":"https:\/\/www.campinglloretblau.com\/fr\/wp-json\/wp\/v2\/pages\/1888","targetHints":{"allow":["GET"]}}],"collection":[{"href":"https:\/\/www.campinglloretblau.com\/fr\/wp-json\/wp\/v2\/pages"}],"about":[{"href":"https:\/\/www.campinglloretblau.com\/fr\/wp-json\/wp\/v2\/types\/page"}],"author":[{"embeddable":true,"href":"https:\/\/www.campinglloretblau.com\/fr\/wp-json\/wp\/v2\/users\/1"}],"replies":[{"embeddable":true,"href":"https:\/\/www.campinglloretblau.com\/fr\/wp-json\/wp\/v2\/comments?post=1888"}],"version-history":[{"count":11,"href":"https:\/\/www.campinglloretblau.com\/fr\/wp-json\/wp\/v2\/pages\/1888\/revisions"}],"predecessor-version":[{"id":32688,"href":"https:\/\/www.campinglloretblau.com\/fr\/wp-json\/wp\/v2\/pages\/1888\/revisions\/32688"}],"up":[{"embeddable":true,"href":"https:\/\/www.campinglloretblau.com\/fr\/wp-json\/wp\/v2\/pages\/1898"}],"wp:attachment":[{"href":"https:\/\/www.campinglloretblau.com\/fr\/wp-json\/wp\/v2\/media?parent=1888"}],"curies":[{"name":"wp","href":"https:\/\/api.w.org\/{rel}","templated":true}]}}