{"id":1941,"date":"2022-03-24T10:35:33","date_gmt":"2022-03-24T10:35:33","guid":{"rendered":"https:\/\/www.campinglloretblau.com\/condiciones-de-uso\/"},"modified":"2022-07-28T10:56:32","modified_gmt":"2022-07-28T10:56:32","slug":"bedingungen-fur-die-nutzung","status":"publish","type":"page","link":"https:\/\/www.campinglloretblau.com\/de\/bedingungen-fur-die-nutzung\/","title":{"rendered":"Bedingungen f\u00fcr die Nutzung"},"content":{"rendered":"<div id=\"container-block_629213b888aae\" class=\"wp-block-group wp-block-container big-padding-top big-margin-top big-wrapper\">\n    \n\n<div class=\"wp-block-group\"><div class=\"wp-block-group__inner-container is-layout-flow wp-block-group-is-layout-flow\">\n<h1 class=\"wp-block-heading\">Bedingungen f\u00fcr die Nutzung<\/h1>\n\n\n\n<p>\u00dcber das Buchungsverfahren f\u00fcr die Stellpl\u00e4tze und Dienstleistungen des Campingplatzes<\/p>\n\n\n\n<p><a href=\"https:\/\/www.campinglloretblau.com\/de\/rechtshinweis\/\">CAMPING LLORET BLAU, S.L.<\/a> informiert Sie, dass Sie Ihre Reservierungen des Campingplatzes in den folgenden Sprachen kanalisieren k\u00f6nnen: Katalanisch, Spanisch, Englisch und Franz\u00f6sisch unter dem Formular auf <a href=\"https:\/\/booking.campinglloretblau.com\/search?lang=es\">https:\/\/booking.campinglloretblau.com\/search?lang=es<\/a> die Sie ausf\u00fcllen und an uns senden m\u00fcssen, nachdem Sie unsere Datenschutzrichtlinie akzeptiert haben unter&nbsp;<a href=\"https:\/\/www.campinglloretblau.com\/de\/datenschutzbestimmungen\/\">https:\/\/www.campinglloretblau.com\/de\/datenschutzbestimmungen\/<\/a>&nbsp;und diese Nutzungsbedingungen.<\/p>\n\n\n\n<p><a href=\"https:\/\/www.campinglloretblau.com\/de\/rechtshinweis\/\">CAMPING LLORET BLAU, S.L.<\/a>\r\ninformiert Sie, und Sie akzeptieren, dass die Reservierungen des Campingplatzes unter www.campinglloretblau.com, die Sie unter unserem Formular auf <a href=\"https:\/\/booking.campinglloretblau.com\/search?lang=es\">https:\/\/booking.campinglloretblau.com\/search<\/a> sind abh\u00e4ngig von der Verf\u00fcgbarkeit, die wir Ihnen kurz nach der Buchung mitteilen k\u00f6nnen.\r\nSobald die entsprechende Reservierung abgeschlossen ist und die entsprechenden Daten \u00fcbermittelt wurden, werden sie gem\u00e4\u00df unserer <a href=\"https:\/\/www.campinglloretblau.com\/de\/datenschutzbestimmungen\/\">Datenschutzbestimmungen<\/a>, Bitte beachten Sie folgende Hinweise:<\/p>\n\n\n\n<ol class=\"wp-block-list\"><li>Sie k\u00f6nnen dann die Buchungsdaten ausdrucken. Wir bitten Sie, dies zu tun, denn wenn Sie unsere Website verlassen, verf\u00fcgt sie \u00fcber keinen automatischen Mechanismus, um Sie sp\u00e4ter wiederzuerkennen, damit Sie Ihre Buchung einsehen und ausdrucken k\u00f6nnen. Sollte dies nicht der Fall sein, kontaktieren Sie uns bitte \u00fcber unseren <strong>Kundendienst<\/strong> per E-Mail unter <a href=\"mailto:info@campinglloretblau.com\">info@campinglloretblau.com<\/a> oder Telefon 972365483<\/li><li>Wir werden uns mit Ihnen in Verbindung setzen, um Sie \u00fcber die Verf\u00fcgbarkeit der von Ihnen angeforderten Reservierung zu informieren und gegebenenfalls die vertragliche Abwicklung der Reservierung durchzuf\u00fchren.<\/li><\/ol>\n\n\n\n<h5 class=\"wp-block-heading\">Alle Rechte vorbehalten<\/h5>\n\n\n\n<p>Die Rechte an geistigem und gewerblichem Eigentum, die in <a href=\"https:\/\/www.campinglloretblau.com\/\">www.campinglloretblau.com<\/a>, die grafische Gestaltung und die Computercodes sowie die Handelsnamen, Marken und Unterscheidungszeichen sind Eigentum von CAMPING LLORET BLAU, S.L. oder gegebenenfalls der Eigent\u00fcmer, die die entsprechenden Lizenzen zugunsten von CAMPING LLORET BLAU, S.L. erteilt haben Jede Vervielf\u00e4ltigung, \u00f6ffentliche Wiedergabe, Verbreitung, Kommerzialisierung oder Umgestaltung der Inhalte, die nicht ausdr\u00fccklich und schriftlich von den Eigent\u00fcmern genehmigt wurde, stellt eine Verletzung der gesetzlich gesch\u00fctzten geistigen und gewerblichen Eigentumsrechte dar. CAMPING LLORET BLAU, S.L. kann alle verwaltungsrechtlichen, zivilrechtlichen und strafrechtlichen Ma\u00dfnahmen ergreifen, die ihm im Falle einer Verletzung dieser Rechte zustehen.<\/p>\n\n\n\n<p><strong>PLATTFORM ZUR ONLINE-STREITBEILEGUNG<\/strong><\/p>\n\n\n\n<p>Wir m\u00f6chten Sie dar\u00fcber informieren, dass alle unsere Kunden unter diesem <strong><a href=\"https:\/\/ec.europa.eu\/consumers\/odr\/main\/?event=main.home.howitworks\">Link Zugang zur Online-Streitbeilegungsplattform der Europ\u00e4ischen Union haben.<\/a><\/strong> Alle Informationen finden Sie auf ihrer Website.<\/p>\n<\/div><\/div>\n\n\n<\/div>","protected":false},"excerpt":{"rendered":"","protected":false},"author":1,"featured_media":0,"parent":0,"menu_order":0,"comment_status":"closed","ping_status":"closed","template":"","meta":{"_acf_changed":false,"_joinchat":[],"footnotes":""},"class_list":["post-1941","page","type-page","status-publish","hentry"],"acf":[],"yoast_head":"<!-- This site is optimized with the Yoast SEO plugin v27.6 - https:\/\/yoast.com\/product\/yoast-seo-wordpress\/ -->\n<title>Bedingungen f\u00fcr die Nutzung - Camping Lloret Blau<\/title>\n<meta name=\"description\" content=\"Camping Lloret Blau an der Costa Brava. Genie\u00dfen Sie die Natur, die Sonne und die Ruhe auf unserem Campingplatz. Buchen Sie jetzt Ihren Aufenthalt.\" \/>\n<meta name=\"robots\" content=\"index, follow, max-snippet:-1, max-image-preview:large, max-video-preview:-1\" \/>\n<link rel=\"canonical\" href=\"https:\/\/www.campinglloretblau.com\/de\/bedingungen-fur-die-nutzung\/\" \/>\n<meta property=\"og:locale\" content=\"de_DE\" \/>\n<meta property=\"og:type\" content=\"article\" \/>\n<meta property=\"og:title\" content=\"Bedingungen f\u00fcr die Nutzung - Camping Lloret Blau\" \/>\n<meta property=\"og:description\" content=\"Camping Lloret Blau an der Costa Brava. Genie\u00dfen Sie die Natur, die Sonne und die Ruhe auf unserem Campingplatz. Buchen Sie jetzt Ihren Aufenthalt.\" \/>\n<meta property=\"og:url\" content=\"https:\/\/www.campinglloretblau.com\/de\/bedingungen-fur-die-nutzung\/\" \/>\n<meta property=\"og:site_name\" content=\"Camping Lloret Blau\" \/>\n<meta property=\"article:modified_time\" content=\"2022-07-28T10:56:32+00:00\" \/>\n<meta name=\"twitter:card\" content=\"summary_large_image\" \/>\n<meta name=\"twitter:label1\" content=\"Est. reading time\" \/>\n\t<meta name=\"twitter:data1\" content=\"2 minutes\" \/>\n<script type=\"application\/ld+json\" class=\"yoast-schema-graph\">{\"@context\":\"https:\\\/\\\/schema.org\",\"@graph\":[{\"@type\":\"WebPage\",\"@id\":\"https:\\\/\\\/www.campinglloretblau.com\\\/de\\\/bedingungen-fur-die-nutzung\\\/\",\"url\":\"https:\\\/\\\/www.campinglloretblau.com\\\/de\\\/bedingungen-fur-die-nutzung\\\/\",\"name\":\"Bedingungen f\u00fcr die Nutzung - Camping Lloret Blau\",\"isPartOf\":{\"@id\":\"https:\\\/\\\/www.campinglloretblau.com\\\/de\\\/#website\"},\"datePublished\":\"2022-03-24T10:35:33+00:00\",\"dateModified\":\"2022-07-28T10:56:32+00:00\",\"description\":\"Camping Lloret Blau an der Costa Brava. Genie\u00dfen Sie die Natur, die Sonne und die Ruhe auf unserem Campingplatz. Buchen Sie jetzt Ihren Aufenthalt.\",\"breadcrumb\":{\"@id\":\"https:\\\/\\\/www.campinglloretblau.com\\\/de\\\/bedingungen-fur-die-nutzung\\\/#breadcrumb\"},\"inLanguage\":\"de-DE\",\"potentialAction\":[{\"@type\":\"ReadAction\",\"target\":[\"https:\\\/\\\/www.campinglloretblau.com\\\/de\\\/bedingungen-fur-die-nutzung\\\/\"]}]},{\"@type\":\"BreadcrumbList\",\"@id\":\"https:\\\/\\\/www.campinglloretblau.com\\\/de\\\/bedingungen-fur-die-nutzung\\\/#breadcrumb\",\"itemListElement\":[{\"@type\":\"ListItem\",\"position\":1,\"name\":\"Home\",\"item\":\"https:\\\/\\\/www.campinglloretblau.com\\\/de\\\/\"},{\"@type\":\"ListItem\",\"position\":2,\"name\":\"Bedingungen f\u00fcr die Nutzung\"}]},{\"@type\":\"WebSite\",\"@id\":\"https:\\\/\\\/www.campinglloretblau.com\\\/de\\\/#website\",\"url\":\"https:\\\/\\\/www.campinglloretblau.com\\\/de\\\/\",\"name\":\"Camping Lloret Blau\",\"description\":\"\",\"potentialAction\":[{\"@type\":\"SearchAction\",\"target\":{\"@type\":\"EntryPoint\",\"urlTemplate\":\"https:\\\/\\\/www.campinglloretblau.com\\\/de\\\/?s={search_term_string}\"},\"query-input\":{\"@type\":\"PropertyValueSpecification\",\"valueRequired\":true,\"valueName\":\"search_term_string\"}}],\"inLanguage\":\"de-DE\"}]}<\/script>\n<!-- \/ Yoast SEO plugin. -->","yoast_head_json":{"title":"Bedingungen f\u00fcr die Nutzung - Camping Lloret Blau","description":"Camping Lloret Blau an der Costa Brava. Genie\u00dfen Sie die Natur, die Sonne und die Ruhe auf unserem Campingplatz. Buchen Sie jetzt Ihren Aufenthalt.","robots":{"index":"index","follow":"follow","max-snippet":"max-snippet:-1","max-image-preview":"max-image-preview:large","max-video-preview":"max-video-preview:-1"},"canonical":"https:\/\/www.campinglloretblau.com\/de\/bedingungen-fur-die-nutzung\/","og_locale":"de_DE","og_type":"article","og_title":"Bedingungen f\u00fcr die Nutzung - Camping Lloret Blau","og_description":"Camping Lloret Blau an der Costa Brava. Genie\u00dfen Sie die Natur, die Sonne und die Ruhe auf unserem Campingplatz. Buchen Sie jetzt Ihren Aufenthalt.","og_url":"https:\/\/www.campinglloretblau.com\/de\/bedingungen-fur-die-nutzung\/","og_site_name":"Camping Lloret Blau","article_modified_time":"2022-07-28T10:56:32+00:00","twitter_card":"summary_large_image","twitter_misc":{"Est. reading time":"2 minutes"},"schema":{"@context":"https:\/\/schema.org","@graph":[{"@type":"WebPage","@id":"https:\/\/www.campinglloretblau.com\/de\/bedingungen-fur-die-nutzung\/","url":"https:\/\/www.campinglloretblau.com\/de\/bedingungen-fur-die-nutzung\/","name":"Bedingungen f\u00fcr die Nutzung - Camping Lloret Blau","isPartOf":{"@id":"https:\/\/www.campinglloretblau.com\/de\/#website"},"datePublished":"2022-03-24T10:35:33+00:00","dateModified":"2022-07-28T10:56:32+00:00","description":"Camping Lloret Blau an der Costa Brava. Genie\u00dfen Sie die Natur, die Sonne und die Ruhe auf unserem Campingplatz. Buchen Sie jetzt Ihren Aufenthalt.","breadcrumb":{"@id":"https:\/\/www.campinglloretblau.com\/de\/bedingungen-fur-die-nutzung\/#breadcrumb"},"inLanguage":"de-DE","potentialAction":[{"@type":"ReadAction","target":["https:\/\/www.campinglloretblau.com\/de\/bedingungen-fur-die-nutzung\/"]}]},{"@type":"BreadcrumbList","@id":"https:\/\/www.campinglloretblau.com\/de\/bedingungen-fur-die-nutzung\/#breadcrumb","itemListElement":[{"@type":"ListItem","position":1,"name":"Home","item":"https:\/\/www.campinglloretblau.com\/de\/"},{"@type":"ListItem","position":2,"name":"Bedingungen f\u00fcr die Nutzung"}]},{"@type":"WebSite","@id":"https:\/\/www.campinglloretblau.com\/de\/#website","url":"https:\/\/www.campinglloretblau.com\/de\/","name":"Camping Lloret Blau","description":"","potentialAction":[{"@type":"SearchAction","target":{"@type":"EntryPoint","urlTemplate":"https:\/\/www.campinglloretblau.com\/de\/?s={search_term_string}"},"query-input":{"@type":"PropertyValueSpecification","valueRequired":true,"valueName":"search_term_string"}}],"inLanguage":"de-DE"}]}},"_links":{"self":[{"href":"https:\/\/www.campinglloretblau.com\/de\/wp-json\/wp\/v2\/pages\/1941","targetHints":{"allow":["GET"]}}],"collection":[{"href":"https:\/\/www.campinglloretblau.com\/de\/wp-json\/wp\/v2\/pages"}],"about":[{"href":"https:\/\/www.campinglloretblau.com\/de\/wp-json\/wp\/v2\/types\/page"}],"author":[{"embeddable":true,"href":"https:\/\/www.campinglloretblau.com\/de\/wp-json\/wp\/v2\/users\/1"}],"replies":[{"embeddable":true,"href":"https:\/\/www.campinglloretblau.com\/de\/wp-json\/wp\/v2\/comments?post=1941"}],"version-history":[{"count":3,"href":"https:\/\/www.campinglloretblau.com\/de\/wp-json\/wp\/v2\/pages\/1941\/revisions"}],"predecessor-version":[{"id":2896,"href":"https:\/\/www.campinglloretblau.com\/de\/wp-json\/wp\/v2\/pages\/1941\/revisions\/2896"}],"wp:attachment":[{"href":"https:\/\/www.campinglloretblau.com\/de\/wp-json\/wp\/v2\/media?parent=1941"}],"curies":[{"name":"wp","href":"https:\/\/api.w.org\/{rel}","templated":true}]}}