{"id":1891,"date":"2022-05-18T13:25:04","date_gmt":"2022-05-18T13:25:04","guid":{"rendered":"https:\/\/www.campinglloretblau.com\/mobil-home\/"},"modified":"2026-01-19T08:13:32","modified_gmt":"2026-01-19T08:13:32","slug":"mobilheim","status":"publish","type":"page","link":"https:\/\/www.campinglloretblau.com\/de\/unterkunft\/mobilheim\/","title":{"rendered":"Mobilheim"},"content":{"rendered":"<div class=\"wp-block-gallery slider header_slider\"><img decoding=\"async\" data-src=\"https:\/\/www.campinglloretblau.com\/wp-content\/uploads\/2022\/05\/mobil-home-camping-evo-33-salon-y-cocina.jpg\" alt=\"\" src=\"data:image\/svg+xml;base64,PHN2ZyB3aWR0aD0iMSIgaGVpZ2h0PSIxIiB4bWxucz0iaHR0cDovL3d3dy53My5vcmcvMjAwMC9zdmciPjwvc3ZnPg==\" class=\"lazyload\" style=\"--smush-placeholder-width: 840px; --smush-placeholder-aspect-ratio: 840\/630;\" \/><img decoding=\"async\" data-src=\"https:\/\/www.campinglloretblau.com\/wp-content\/uploads\/2022\/05\/exterior-mobil-home-lloret-blau.jpg\" alt=\"\" src=\"data:image\/svg+xml;base64,PHN2ZyB3aWR0aD0iMSIgaGVpZ2h0PSIxIiB4bWxucz0iaHR0cDovL3d3dy53My5vcmcvMjAwMC9zdmciPjwvc3ZnPg==\" class=\"lazyload\" style=\"--smush-placeholder-width: 840px; --smush-placeholder-aspect-ratio: 840\/630;\" \/><img decoding=\"async\" data-src=\"https:\/\/www.campinglloretblau.com\/wp-content\/uploads\/2022\/05\/interior-de-mobil-home-evo-29.jpg\" alt=\"\" src=\"data:image\/svg+xml;base64,PHN2ZyB3aWR0aD0iMSIgaGVpZ2h0PSIxIiB4bWxucz0iaHR0cDovL3d3dy53My5vcmcvMjAwMC9zdmciPjwvc3ZnPg==\" class=\"lazyload\" style=\"--smush-placeholder-width: 840px; --smush-placeholder-aspect-ratio: 840\/630;\" \/><img decoding=\"async\" data-src=\"https:\/\/www.campinglloretblau.com\/wp-content\/uploads\/2022\/05\/familia-en-exterior-de-mobil-home.jpg\" alt=\"\" src=\"data:image\/svg+xml;base64,PHN2ZyB3aWR0aD0iMSIgaGVpZ2h0PSIxIiB4bWxucz0iaHR0cDovL3d3dy53My5vcmcvMjAwMC9zdmciPjwvc3ZnPg==\" class=\"lazyload\" style=\"--smush-placeholder-width: 840px; --smush-placeholder-aspect-ratio: 840\/630;\" \/><\/div>\n\n<div id=\"container-block_70a64a7c1b50d033ed827aa921be9963\" class=\"wp-block-group wp-block-container big-padding-top\">\n    \n\n<h1 class=\"wp-block-heading has-text-align-center\">Camping Mobilheim an der Costa Brava<\/h1>\n\n\n\n<p class=\"has-text-align-center\">Genie\u00dfen Sie die Natur in ihrer reinsten Form, ohne auf Komfort verzichten zu m\u00fcssen.<\/p>\n\n\n<div class=\"feature_box\"><div class=\"item item_wifi\">Wifi<\/div><div class=\"item item_cocina\">K\u00fcche<\/div><div class=\"item item_no_mascotas\">Haustiere (Bis 10 Kg)<\/div><div class=\"item item_electricidad\">Strom<\/div><div class=\"item item_bano\">Badezimmer<\/div><div class=\"item item_alquiler_bicicletas\">Fahrradverleih<\/div><\/div>\n\n\n\n<div class=\"wp-block-buttons is-content-justification-center is-layout-flex wp-container-core-buttons-is-layout-16018d1d wp-block-buttons-is-layout-flex\">\n<div class=\"wp-block-button boton_alternativo\"><a class=\"wp-block-button__link wp-element-button\" href=\"https:\/\/engine.prod.witbooking.com\/de\/hotel\/campinglloretblau\">JETZT BUCHEN<\/a><\/div>\n<\/div>\n\n\n<\/div>\n\n<div id=\"container-block_8694202df41e9f48e52cf1ef0b6143e5\" class=\"wp-block-group wp-block-container big-padding-top big-wrapper\">\n    \n\n<h2 class=\"wp-block-heading\">Mobilheim in Lloret de Mar<\/h2>\n\n\n\n<p>Alle Annehmlichkeiten eines Hauses auf dem Campingplatz.<\/p>\n\n\n\n<p>Vollst\u00e4ndig ausgestattete Mobilheime mit eigener Terrasse!<\/p>\n\n\n\n<p>Ein Urlaub auf dem Campingplatz Lloret Blau ist nicht unvereinbar mit allen Annehmlichkeiten eines kompletten Hauses. Alle unsere Mobilheime haben eine Toilette, eine voll ausgestattete K\u00fcche, Klimaanlage\/Heizung, Glasfaser-Internetanschluss, Smart TV und eine eigene Terrasse. Und das alles nur ein paar Meter vom Strand entfernt.<\/p>\n\n\n\n<p>Genie\u00dfen Sie einen Urlaub mit allen Annehmlichkeiten!<\/p>\n\n\n<\/div>\n\n<div id=\"container-block_8694202df41e9f48e52cf1ef0b6143e5\" class=\"wp-block-group wp-block-container big-padding-top big-wrapper\">\n    \n\n<h2 class=\"wp-block-heading\">Merkmale des Mobilheims<\/h2>\n\n\n\n<ul class=\"wp-block-list tag_list\">\n<li>K\u00dcCHENGER\u00c4TE<\/li>\n\n\n\n<li><span style=\"color: initial;\">3-5 BETTEN<\/span><\/li>\n\n\n\n<li>TERRASSE<\/li>\n\n\n\n<li><a href=\"#inventario\">INVENTAR<\/a><\/li>\n\n\n\n<li><a href=\"\/wp-content\/uploads\/2022\/05\/Plano-informatiu-Camping-Lloret-Blau-MH.pdf\" target=\"_blank\" rel=\"noreferrer noopener\">SIEHE KARTE<\/a><\/li>\n<\/ul>\n\n\n\n<p>Auf dem <strong>Campingplatz Lloret Blau<\/strong> haben wir eine gro\u00dfe Auswahl an Unterkunftsm\u00f6glichkeiten. Zum einen haben Sie die M\u00f6glichkeit des Glamping, Sie k\u00f6nnen Ihren Stellplatz mieten, mit Ihrem Wohnmobil kommen oder in einem <strong>Mobilheim<\/strong> \u00fcbernachten.<\/p>\n\n\n\n<p>Ein <strong>Mobilheim<\/strong> ist ein Haus, das leicht <strong>transportiert werden kann<\/strong>, da es mit einem Fahrgestell, R\u00e4dern und einer Deichsel ausgestattet ist. Es kann unterschiedlich gro\u00df sein und verf\u00fcgt \u00fcber alle Annehmlichkeiten, die ein normales Haus bieten kann.<\/p>\n\n\n\n<p>Auf dem <strong>Campingplatz Lloret Blau<\/strong> an der Costa Brava bieten wir diese Art von Unterkunft an: alle Annehmlichkeiten eines Hauses auf dem Campingplatz.<\/p>\n\n\n<\/div>\n\n<div id=\"container-block_8694202df41e9f48e52cf1ef0b6143e5\" class=\"wp-block-group wp-block-container big-padding-top big-wrapper\">\n    \n\n<h2 class=\"wp-block-heading\">Buchen Sie Ihr Mobilheim in Lloret de Mar<\/h2>\n\n\n\n<p><\/p>\n\n\n\n<div class=\"wp-block-columns lista_precios is-layout-flex wp-container-core-columns-is-layout-9d6595d7 wp-block-columns-is-layout-flex\">\n<div class=\"wp-block-column is-layout-flow wp-block-column-is-layout-flow\"><\/div>\n\n\n\n<div class=\"wp-block-column is-layout-flow wp-block-column-is-layout-flow\">\n<div class=\"wp-block-buttons is-content-justification-center is-layout-flex wp-container-core-buttons-is-layout-16018d1d wp-block-buttons-is-layout-flex\">\n<div class=\"wp-block-button boton_alternativo\"><a class=\"wp-block-button__link wp-element-button\" href=\"https:\/\/engine.prod.witbooking.com\/de\/hotel\/campinglloretblau\">JETZT BUCHEN<\/a><\/div>\n<\/div>\n<\/div>\n\n\n\n<div class=\"wp-block-column is-layout-flow wp-block-column-is-layout-flow\"><\/div>\n<\/div>\n\n\n<\/div>\n\n<div id=\"container-block_8694202df41e9f48e52cf1ef0b6143e5\" class=\"wp-block-group wp-block-container big-padding-top big-wrapper\">\n    \n\n<h2 class=\"wp-block-heading\"><strong>Camping Mobilheim in Katalonien<\/strong><\/h2>\n\n\n\n<p>Ein Urlaub in Lloret de Mar auf dem <strong>Campingplatz Lloret Blau<\/strong> steht nicht im Widerspruch zu allen Annehmlichkeiten eines kompletten Hauses. Wir haben <strong>moderne Mobilheime<\/strong>, wie alle unsere <strong>Mobilheime<\/strong> haben eine Toilette, voll ausgestattete K\u00fcche, Klimaanlage \/ Heizung, Glasfaser-Internetanschluss, Smart TV und eine eigene Terrasse. Und das alles nur ein paar Meter vom Strand entfernt.<\/p>\n\n\n\n<p>Auf unserem Campingplatz an der Costa Brava bieten wir derzeit zwei <strong>Mobilheime<\/strong> an, das Evo 29 und das Evo 33 (<strong>gro\u00dfe Mobilheime<\/strong>). Je nach Anzahl der Personen, mit denen Sie dieses gro\u00dfartige Urlaubserlebnis teilen m\u00f6chten, empfehlen wir die eine oder andere Option. Der Komfort ist der gleiche und der einzige Unterschied ist die Anzahl der Schlafzimmer.<\/p>\n\n\n\n<p>Nachstehend finden Sie eine ausf\u00fchrliche Erl\u00e4uterung der Merkmale der einzelnen Modelle, die auf unserem Campingplatz zur Verf\u00fcgung stehen:&nbsp;<\/p>\n\n\n\n<h4 class=\"wp-block-heading\"><strong>Evo 29: Mobilheim f\u00fcr 4 Personen<\/strong><\/h4>\n\n\n\n<p>Die Mobilheime Evo 29 (<strong>2-Zimmer-Mobilheim<\/strong>) haben eine Fl\u00e4che von 29 m2 und eine gro\u00dfe Terrasse von 6,45 m2. Es hat eine Kapazit\u00e4t f\u00fcr 4\/5 Personen und seine Verteilung ist ein Schlafzimmer mit einem Doppelbett und ein weiteres Schlafzimmer mit zwei Einzelbetten. Wohnzimmer mit Schlafsofa.&nbsp;<strong>Mobilheim im Innenbereich<\/strong>: Es verf\u00fcgt \u00fcber eine Toilette, eine voll ausgestattete K\u00fcche, Klimaanlage\/Heizung, Glasfaser-Internetanschluss, Smart TV und M\u00f6bel auf der Terrasse.<\/p>\n\n\n\n<h4 class=\"wp-block-heading\"><strong>Evo 33: Mobilheim f\u00fcr 6 Personen<\/strong><\/h4>\n\n\n\n<p>Die Evo 33 Mobilheime (<strong>3-Zimmer-Mobilheime<\/strong>) haben eine Fl\u00e4che von 33 m\u00b2 und eine gro\u00dfe Terrasse von 6,45 m. Sie k\u00f6nnen 4\/6 Personen beherbergen und verf\u00fcgen \u00fcber ein Schlafzimmer mit einem Doppelbett und 2 Schlafzimmer mit zwei Einzelbetten.&nbsp;<strong>Mobilheim im Innenbereich<\/strong>: Es verf\u00fcgt \u00fcber eine Toilette, ein Esszimmer mit voll ausgestatteter K\u00fcche, Klimaanlage\/Heizung, Glasfaseranschluss und Smart TV sowie M\u00f6bel f\u00fcr die Terrasse.<\/p>\n\n\n\n<p>Auf dem <strong>Campingplatz Lloret Blau<\/strong> bieten wir Ihnen mit unseren <strong>Mobilheimen<\/strong> einen authentischen Campingurlaub, ohne dass Sie auf den Komfort und die Dienstleistungen einer traditionellen Unterkunft verzichten m\u00fcssen. Genie\u00dfen Sie die sch\u00f6nen <strong>Str\u00e4nde der Costa Brava<\/strong>, die frische Seeluft und die Ruhe abseits der Hektik der Stadt in einer nat\u00fcrlichen Landschaft. Warten Sie nicht l\u00e4nger und genie\u00dfen Sie einen Urlaub mit allen Annehmlichkeiten!<\/p>\n\n\n\n<p>Was kann man sich mehr von einem Campingplatz in Lloret de Mar w\u00fcnschen?<\/p>\n\n\n<\/div>\n\n<div id=\"container-block_8694202df41e9f48e52cf1ef0b6143e5\" class=\"wp-block-group wp-block-container big-padding-top big-wrapper\">\n    \n<\/div>","protected":false},"excerpt":{"rendered":"","protected":false},"author":1,"featured_media":0,"parent":1899,"menu_order":0,"comment_status":"closed","ping_status":"closed","template":"template-publicaciones.php","meta":{"_acf_changed":false,"_joinchat":[],"footnotes":""},"class_list":["post-1891","page","type-page","status-publish","hentry"],"acf":[],"yoast_head":"<!-- This site is optimized with the Yoast SEO plugin v27.6 - https:\/\/yoast.com\/product\/yoast-seo-wordpress\/ -->\n<title>Camping Mobilheim an der Costa Brava - Camping Lloret Blau<\/title>\n<meta name=\"description\" content=\"Camping Mobil Home an der Lloret de Mar Costa Brava. Mobilheim in Strandn\u00e4he f\u00fcr Familien und Kinder. Und in der N\u00e4he von Barcelona\" \/>\n<meta name=\"robots\" content=\"index, follow, max-snippet:-1, max-image-preview:large, max-video-preview:-1\" \/>\n<link rel=\"canonical\" href=\"https:\/\/www.campinglloretblau.com\/de\/unterkunft\/mobilheim\/\" \/>\n<meta property=\"og:locale\" content=\"de_DE\" \/>\n<meta property=\"og:type\" content=\"article\" \/>\n<meta property=\"og:title\" content=\"Camping Mobilheim an der Costa Brava - Camping Lloret Blau\" \/>\n<meta property=\"og:description\" content=\"Camping Mobil Home an der Lloret de Mar Costa Brava. Mobilheim in Strandn\u00e4he f\u00fcr Familien und Kinder. Und in der N\u00e4he von Barcelona\" \/>\n<meta property=\"og:url\" content=\"https:\/\/www.campinglloretblau.com\/de\/unterkunft\/mobilheim\/\" \/>\n<meta property=\"og:site_name\" content=\"Camping Lloret Blau\" \/>\n<meta property=\"article:modified_time\" content=\"2026-01-19T08:13:32+00:00\" \/>\n<meta property=\"og:image\" content=\"https:\/\/www.campinglloretblau.com\/wp-content\/uploads\/2022\/05\/mobil-home-camping-evo-33-salon-y-cocina.jpg\" \/>\n<meta name=\"twitter:card\" content=\"summary_large_image\" \/>\n<meta name=\"twitter:label1\" content=\"Est. reading time\" \/>\n\t<meta name=\"twitter:data1\" content=\"4 minutes\" \/>\n<script type=\"application\/ld+json\" class=\"yoast-schema-graph\">{\"@context\":\"https:\\\/\\\/schema.org\",\"@graph\":[{\"@type\":\"WebPage\",\"@id\":\"https:\\\/\\\/www.campinglloretblau.com\\\/de\\\/unterkunft\\\/mobilheim\\\/\",\"url\":\"https:\\\/\\\/www.campinglloretblau.com\\\/de\\\/unterkunft\\\/mobilheim\\\/\",\"name\":\"Camping Mobilheim an der Costa Brava - Camping Lloret Blau\",\"isPartOf\":{\"@id\":\"https:\\\/\\\/www.campinglloretblau.com\\\/de\\\/#website\"},\"primaryImageOfPage\":{\"@id\":\"https:\\\/\\\/www.campinglloretblau.com\\\/de\\\/unterkunft\\\/mobilheim\\\/#primaryimage\"},\"image\":{\"@id\":\"https:\\\/\\\/www.campinglloretblau.com\\\/de\\\/unterkunft\\\/mobilheim\\\/#primaryimage\"},\"thumbnailUrl\":\"https:\\\/\\\/www.campinglloretblau.com\\\/wp-content\\\/uploads\\\/2022\\\/05\\\/mobil-home-camping-evo-33-salon-y-cocina.jpg\",\"datePublished\":\"2022-05-18T13:25:04+00:00\",\"dateModified\":\"2026-01-19T08:13:32+00:00\",\"description\":\"Camping Mobil Home an der Lloret de Mar Costa Brava. Mobilheim in Strandn\u00e4he f\u00fcr Familien und Kinder. Und in der N\u00e4he von Barcelona\",\"breadcrumb\":{\"@id\":\"https:\\\/\\\/www.campinglloretblau.com\\\/de\\\/unterkunft\\\/mobilheim\\\/#breadcrumb\"},\"inLanguage\":\"de-DE\",\"potentialAction\":[{\"@type\":\"ReadAction\",\"target\":[\"https:\\\/\\\/www.campinglloretblau.com\\\/de\\\/unterkunft\\\/mobilheim\\\/\"]}]},{\"@type\":\"ImageObject\",\"inLanguage\":\"de-DE\",\"@id\":\"https:\\\/\\\/www.campinglloretblau.com\\\/de\\\/unterkunft\\\/mobilheim\\\/#primaryimage\",\"url\":\"https:\\\/\\\/www.campinglloretblau.com\\\/wp-content\\\/uploads\\\/2022\\\/05\\\/mobil-home-camping-evo-33-salon-y-cocina.jpg\",\"contentUrl\":\"https:\\\/\\\/www.campinglloretblau.com\\\/wp-content\\\/uploads\\\/2022\\\/05\\\/mobil-home-camping-evo-33-salon-y-cocina.jpg\"},{\"@type\":\"BreadcrumbList\",\"@id\":\"https:\\\/\\\/www.campinglloretblau.com\\\/de\\\/unterkunft\\\/mobilheim\\\/#breadcrumb\",\"itemListElement\":[{\"@type\":\"ListItem\",\"position\":1,\"name\":\"Home\",\"item\":\"https:\\\/\\\/www.campinglloretblau.com\\\/de\\\/\"},{\"@type\":\"ListItem\",\"position\":2,\"name\":\"Unterkunft\",\"item\":\"http:\\\/\\\/betalloretblau.online.mialias.net\\\/unterkunft\\\/\"},{\"@type\":\"ListItem\",\"position\":3,\"name\":\"Mobilheim\"}]},{\"@type\":\"WebSite\",\"@id\":\"https:\\\/\\\/www.campinglloretblau.com\\\/de\\\/#website\",\"url\":\"https:\\\/\\\/www.campinglloretblau.com\\\/de\\\/\",\"name\":\"Camping Lloret Blau\",\"description\":\"\",\"potentialAction\":[{\"@type\":\"SearchAction\",\"target\":{\"@type\":\"EntryPoint\",\"urlTemplate\":\"https:\\\/\\\/www.campinglloretblau.com\\\/de\\\/?s={search_term_string}\"},\"query-input\":{\"@type\":\"PropertyValueSpecification\",\"valueRequired\":true,\"valueName\":\"search_term_string\"}}],\"inLanguage\":\"de-DE\"}]}<\/script>\n<!-- \/ Yoast SEO plugin. -->","yoast_head_json":{"title":"Camping Mobilheim an der Costa Brava - Camping Lloret Blau","description":"Camping Mobil Home an der Lloret de Mar Costa Brava. Mobilheim in Strandn\u00e4he f\u00fcr Familien und Kinder. Und in der N\u00e4he von Barcelona","robots":{"index":"index","follow":"follow","max-snippet":"max-snippet:-1","max-image-preview":"max-image-preview:large","max-video-preview":"max-video-preview:-1"},"canonical":"https:\/\/www.campinglloretblau.com\/de\/unterkunft\/mobilheim\/","og_locale":"de_DE","og_type":"article","og_title":"Camping Mobilheim an der Costa Brava - Camping Lloret Blau","og_description":"Camping Mobil Home an der Lloret de Mar Costa Brava. Mobilheim in Strandn\u00e4he f\u00fcr Familien und Kinder. Und in der N\u00e4he von Barcelona","og_url":"https:\/\/www.campinglloretblau.com\/de\/unterkunft\/mobilheim\/","og_site_name":"Camping Lloret Blau","article_modified_time":"2026-01-19T08:13:32+00:00","og_image":[{"url":"https:\/\/www.campinglloretblau.com\/wp-content\/uploads\/2022\/05\/mobil-home-camping-evo-33-salon-y-cocina.jpg","type":"","width":"","height":""}],"twitter_card":"summary_large_image","twitter_misc":{"Est. reading time":"4 minutes"},"schema":{"@context":"https:\/\/schema.org","@graph":[{"@type":"WebPage","@id":"https:\/\/www.campinglloretblau.com\/de\/unterkunft\/mobilheim\/","url":"https:\/\/www.campinglloretblau.com\/de\/unterkunft\/mobilheim\/","name":"Camping Mobilheim an der Costa Brava - Camping Lloret Blau","isPartOf":{"@id":"https:\/\/www.campinglloretblau.com\/de\/#website"},"primaryImageOfPage":{"@id":"https:\/\/www.campinglloretblau.com\/de\/unterkunft\/mobilheim\/#primaryimage"},"image":{"@id":"https:\/\/www.campinglloretblau.com\/de\/unterkunft\/mobilheim\/#primaryimage"},"thumbnailUrl":"https:\/\/www.campinglloretblau.com\/wp-content\/uploads\/2022\/05\/mobil-home-camping-evo-33-salon-y-cocina.jpg","datePublished":"2022-05-18T13:25:04+00:00","dateModified":"2026-01-19T08:13:32+00:00","description":"Camping Mobil Home an der Lloret de Mar Costa Brava. Mobilheim in Strandn\u00e4he f\u00fcr Familien und Kinder. Und in der N\u00e4he von Barcelona","breadcrumb":{"@id":"https:\/\/www.campinglloretblau.com\/de\/unterkunft\/mobilheim\/#breadcrumb"},"inLanguage":"de-DE","potentialAction":[{"@type":"ReadAction","target":["https:\/\/www.campinglloretblau.com\/de\/unterkunft\/mobilheim\/"]}]},{"@type":"ImageObject","inLanguage":"de-DE","@id":"https:\/\/www.campinglloretblau.com\/de\/unterkunft\/mobilheim\/#primaryimage","url":"https:\/\/www.campinglloretblau.com\/wp-content\/uploads\/2022\/05\/mobil-home-camping-evo-33-salon-y-cocina.jpg","contentUrl":"https:\/\/www.campinglloretblau.com\/wp-content\/uploads\/2022\/05\/mobil-home-camping-evo-33-salon-y-cocina.jpg"},{"@type":"BreadcrumbList","@id":"https:\/\/www.campinglloretblau.com\/de\/unterkunft\/mobilheim\/#breadcrumb","itemListElement":[{"@type":"ListItem","position":1,"name":"Home","item":"https:\/\/www.campinglloretblau.com\/de\/"},{"@type":"ListItem","position":2,"name":"Unterkunft","item":"http:\/\/betalloretblau.online.mialias.net\/unterkunft\/"},{"@type":"ListItem","position":3,"name":"Mobilheim"}]},{"@type":"WebSite","@id":"https:\/\/www.campinglloretblau.com\/de\/#website","url":"https:\/\/www.campinglloretblau.com\/de\/","name":"Camping Lloret Blau","description":"","potentialAction":[{"@type":"SearchAction","target":{"@type":"EntryPoint","urlTemplate":"https:\/\/www.campinglloretblau.com\/de\/?s={search_term_string}"},"query-input":{"@type":"PropertyValueSpecification","valueRequired":true,"valueName":"search_term_string"}}],"inLanguage":"de-DE"}]}},"_links":{"self":[{"href":"https:\/\/www.campinglloretblau.com\/de\/wp-json\/wp\/v2\/pages\/1891","targetHints":{"allow":["GET"]}}],"collection":[{"href":"https:\/\/www.campinglloretblau.com\/de\/wp-json\/wp\/v2\/pages"}],"about":[{"href":"https:\/\/www.campinglloretblau.com\/de\/wp-json\/wp\/v2\/types\/page"}],"author":[{"embeddable":true,"href":"https:\/\/www.campinglloretblau.com\/de\/wp-json\/wp\/v2\/users\/1"}],"replies":[{"embeddable":true,"href":"https:\/\/www.campinglloretblau.com\/de\/wp-json\/wp\/v2\/comments?post=1891"}],"version-history":[{"count":11,"href":"https:\/\/www.campinglloretblau.com\/de\/wp-json\/wp\/v2\/pages\/1891\/revisions"}],"predecessor-version":[{"id":32689,"href":"https:\/\/www.campinglloretblau.com\/de\/wp-json\/wp\/v2\/pages\/1891\/revisions\/32689"}],"up":[{"embeddable":true,"href":"https:\/\/www.campinglloretblau.com\/de\/wp-json\/wp\/v2\/pages\/1899"}],"wp:attachment":[{"href":"https:\/\/www.campinglloretblau.com\/de\/wp-json\/wp\/v2\/media?parent=1891"}],"curies":[{"name":"wp","href":"https:\/\/api.w.org\/{rel}","templated":true}]}}