{"id":1926,"date":"2022-03-24T10:35:33","date_gmt":"2022-03-24T10:35:33","guid":{"rendered":"https:\/\/www.campinglloretblau.com\/condiciones-de-uso\/"},"modified":"2023-04-25T13:42:08","modified_gmt":"2023-04-25T13:42:08","slug":"condicions-dus","status":"publish","type":"page","link":"https:\/\/www.campinglloretblau.com\/ca\/condicions-dus\/","title":{"rendered":"Condicions d&#8217;\u00fas"},"content":{"rendered":"<div id=\"container-block_b068b261812ff45987e0d50846e2ef37\" class=\"wp-block-group wp-block-container big-padding-top big-margin-top big-wrapper\">\n    \n\n<div class=\"wp-block-group\"><div class=\"wp-block-group__inner-container is-layout-flow wp-block-group-is-layout-flow\">\n<h1 class=\"wp-block-heading\">Condicions d&#8217;\u00fas<\/h1>\n\n\n\n<p>Sobre el procediment de les reserves de les places i serveis del c\u00e0mping<\/p>\n\n\n\n<p><a href=\"https:\/\/www.campinglloretblau.com\/ca\/avis-legal\/\">CAMPING LLORET BLAU, S.L.<\/a> l&#8217;informa que podr\u00e0 canalitzar les seves reserves del c\u00e0mping en els idiomes seg\u00fcent: catal\u00e0, espanyol, angl\u00e8s i franc\u00e8s sota el formulari en&nbsp;<a href=\"https:\/\/booking.campinglloretblau.com\/search?lang=es\">https:\/\/booking.campinglloretblau.com\/search?lang=es<\/a> que Vost\u00e8 ha d&#8217;emplenar i enviar-nos pr\u00e8via acceptaci\u00f3 de la nostra Pol\u00edtica de Privacitat baixo <a href=\"https:\/\/www.campinglloretblau.com\/ca\/politica-de-privacitat\/\">https:\/\/www.campinglloretblau.com\/ca\/politica-de-privacitat\/<\/a>&nbsp;i les presents Condicions d&#8217;\u00das.<\/p>\n\n\n\n<p><a href=\"https:\/\/www.campinglloretblau.com\/ca\/avis-legal\/\">CAMPING LLORET BLAU, S.L.<\/a>\nl&#8217;informa, i Vost\u00e8 accepta, que les reserves del c\u00e0mping baix www.campinglloretblau.com que Vost\u00e8 materialitzi sota el nostre formulari en <a href=\"https:\/\/booking.campinglloretblau.com\/search?lang=es\">https:\/\/booking.campinglloretblau.com\/search<\/a> estan subjectes a la disponibilitat que el puguem informar en breu a partir de la reserva.\nUna vegada emplenada la corresponent reserva, i remesos les corresponents dades que es tractaran d&#8217;acord amb nostra&nbsp;<a href=\"https:\/\/www.campinglloretblau.com\/politica-privacidad\/\">Pol\u00edtica de Privacidad<\/a>, l&#8217;informem del seg\u00fcent:<\/p>\n\n\n\n<ol class=\"wp-block-list\">\n<li>Vost\u00e8 podr\u00e0 imprimir les dades de la reserva. Li preguem que aix\u00ed ho faci, at\u00e8s que una vegada deixi el nostre portal, el mateix no t\u00e9 un mecanisme automatitzat per a recon\u00e8ixer-li posteriorment perqu\u00e8 Vost\u00e8 pugui tornar a visualitzar la seva reserva i imprimir-la. En cas que aix\u00ed no ho faci, posi&#8217;s en contacte amb nosaltres per mediaci\u00f3 del nostre Departament d&#8217;Atenci\u00f3 al Client via l&#8217;e-mail:&nbsp;<a href=\"mailto:info@campinglloretblau.com\">info@campinglloretblau.com<\/a> o al tel\u00e8fon 972365483<\/li>\n\n\n\n<li>Ens posarem en contacte amb Vost\u00e8 a l&#8217;efecte de poder-li contestar sobre la disponibilitat de la reserva que ens ha sol\u00b7licitat i, en el seu cas, per a realitzar el seguiment contractual de la reserva.<\/li>\n<\/ol>\n\n\n\n<h5 class=\"wp-block-heading\">Drets reservats<\/h5>\n\n\n\n<p>Els drets de propietat intel\u00b7lectual i industrial continguts en <a href=\"https:\/\/www.campinglloretblau.com\/\">www.campinglloretblau.com<\/a>, el seu disseny gr\u00e0fic i codis inform\u00e0tics, aix\u00ed com els noms comercials, marques i signes distintius s\u00f3n titularitat de C\u00c0MPING LLORET BLAU, S.L. o, en el seu cas, dels titulars que han atorgat les corresponents llic\u00e8ncies a favor de C\u00c0MPING LLORET BLAU, S.L. Qualsevol reproducci\u00f3, comunicaci\u00f3 p\u00fablica, distribuci\u00f3, comercialitzaci\u00f3 o transformaci\u00f3 dels continguts que no hagi estat expressament autoritzada per escrit pels seus titulars, constitueix una infracci\u00f3 dels drets de propietat intel\u00b7lectual i industrial protegits per la Llei. C\u00c0MPING LLORET BLAU, S.L. podr\u00e0 exercir totes les accions administratives, civils o penals que li corresponguin en cas d&#8217;infracci\u00f3 d&#8217;aquests drets.<\/p>\n\n\n\n<p><strong>PLATAFORMA DE RESOLUCI\u00d3 DE LITIGIS EN L\u00cdNIA<\/strong><\/p>\n\n\n\n<p>Us informem que tots els nostres clients tenen disponible la <strong><a href=\"https:\/\/ec.europa.eu\/consumers\/odr\/main\/?event=main.home.howitworks\">plataforma de resoluci\u00f3 de litigis en l\u00ednia de la Uni\u00f3 Europea en aquest enlla\u00e7.<\/a><\/strong> Visita el seu web per a con\u00e8ixer tota la informaci\u00f3.<\/p>\n<\/div><\/div>\n\n\n<\/div>","protected":false},"excerpt":{"rendered":"","protected":false},"author":1,"featured_media":0,"parent":0,"menu_order":0,"comment_status":"closed","ping_status":"closed","template":"","meta":{"_acf_changed":false,"_joinchat":[],"footnotes":""},"class_list":["post-1926","page","type-page","status-publish","hentry"],"acf":[],"yoast_head":"<!-- This site is optimized with the Yoast SEO plugin v27.6 - https:\/\/yoast.com\/product\/yoast-seo-wordpress\/ -->\n<title>Condicions d&#039;\u00fas - Camping Lloret Blau<\/title>\n<meta name=\"description\" content=\"Coneix les nostres condicions d&#039;\u00fas i termes legals a Camping Lloret Blau. Informaci\u00f3 important per a una estada segura i tranquil\u00b7la en el nostre c\u00e0mping\" \/>\n<meta name=\"robots\" content=\"index, follow, max-snippet:-1, max-image-preview:large, max-video-preview:-1\" \/>\n<link rel=\"canonical\" href=\"https:\/\/www.campinglloretblau.com\/ca\/condicions-dus\/\" \/>\n<meta property=\"og:locale\" content=\"ca_ES\" \/>\n<meta property=\"og:type\" content=\"article\" \/>\n<meta property=\"og:title\" content=\"Condicions d&#039;\u00fas - Camping Lloret Blau\" \/>\n<meta property=\"og:description\" content=\"Coneix les nostres condicions d&#039;\u00fas i termes legals a Camping Lloret Blau. Informaci\u00f3 important per a una estada segura i tranquil\u00b7la en el nostre c\u00e0mping\" \/>\n<meta property=\"og:url\" content=\"https:\/\/www.campinglloretblau.com\/ca\/condicions-dus\/\" \/>\n<meta property=\"og:site_name\" content=\"Camping Lloret Blau\" \/>\n<meta property=\"article:modified_time\" content=\"2023-04-25T13:42:08+00:00\" \/>\n<meta name=\"twitter:card\" content=\"summary_large_image\" \/>\n<meta name=\"twitter:label1\" content=\"Est. reading time\" \/>\n\t<meta name=\"twitter:data1\" content=\"2 minutes\" \/>\n<script type=\"application\/ld+json\" class=\"yoast-schema-graph\">{\"@context\":\"https:\\\/\\\/schema.org\",\"@graph\":[{\"@type\":\"WebPage\",\"@id\":\"https:\\\/\\\/www.campinglloretblau.com\\\/ca\\\/condicions-dus\\\/\",\"url\":\"https:\\\/\\\/www.campinglloretblau.com\\\/ca\\\/condicions-dus\\\/\",\"name\":\"Condicions d'\u00fas - Camping Lloret Blau\",\"isPartOf\":{\"@id\":\"https:\\\/\\\/www.campinglloretblau.com\\\/ca\\\/#website\"},\"datePublished\":\"2022-03-24T10:35:33+00:00\",\"dateModified\":\"2023-04-25T13:42:08+00:00\",\"description\":\"Coneix les nostres condicions d'\u00fas i termes legals a Camping Lloret Blau. Informaci\u00f3 important per a una estada segura i tranquil\u00b7la en el nostre c\u00e0mping\",\"breadcrumb\":{\"@id\":\"https:\\\/\\\/www.campinglloretblau.com\\\/ca\\\/condicions-dus\\\/#breadcrumb\"},\"inLanguage\":\"ca\",\"potentialAction\":[{\"@type\":\"ReadAction\",\"target\":[\"https:\\\/\\\/www.campinglloretblau.com\\\/ca\\\/condicions-dus\\\/\"]}]},{\"@type\":\"BreadcrumbList\",\"@id\":\"https:\\\/\\\/www.campinglloretblau.com\\\/ca\\\/condicions-dus\\\/#breadcrumb\",\"itemListElement\":[{\"@type\":\"ListItem\",\"position\":1,\"name\":\"Home\",\"item\":\"https:\\\/\\\/www.campinglloretblau.com\\\/ca\\\/\"},{\"@type\":\"ListItem\",\"position\":2,\"name\":\"Condicions d&#8217;\u00fas\"}]},{\"@type\":\"WebSite\",\"@id\":\"https:\\\/\\\/www.campinglloretblau.com\\\/ca\\\/#website\",\"url\":\"https:\\\/\\\/www.campinglloretblau.com\\\/ca\\\/\",\"name\":\"Camping Lloret Blau\",\"description\":\"\",\"potentialAction\":[{\"@type\":\"SearchAction\",\"target\":{\"@type\":\"EntryPoint\",\"urlTemplate\":\"https:\\\/\\\/www.campinglloretblau.com\\\/ca\\\/?s={search_term_string}\"},\"query-input\":{\"@type\":\"PropertyValueSpecification\",\"valueRequired\":true,\"valueName\":\"search_term_string\"}}],\"inLanguage\":\"ca\"}]}<\/script>\n<!-- \/ Yoast SEO plugin. -->","yoast_head_json":{"title":"Condicions d'\u00fas - Camping Lloret Blau","description":"Coneix les nostres condicions d'\u00fas i termes legals a Camping Lloret Blau. Informaci\u00f3 important per a una estada segura i tranquil\u00b7la en el nostre c\u00e0mping","robots":{"index":"index","follow":"follow","max-snippet":"max-snippet:-1","max-image-preview":"max-image-preview:large","max-video-preview":"max-video-preview:-1"},"canonical":"https:\/\/www.campinglloretblau.com\/ca\/condicions-dus\/","og_locale":"ca_ES","og_type":"article","og_title":"Condicions d'\u00fas - Camping Lloret Blau","og_description":"Coneix les nostres condicions d'\u00fas i termes legals a Camping Lloret Blau. Informaci\u00f3 important per a una estada segura i tranquil\u00b7la en el nostre c\u00e0mping","og_url":"https:\/\/www.campinglloretblau.com\/ca\/condicions-dus\/","og_site_name":"Camping Lloret Blau","article_modified_time":"2023-04-25T13:42:08+00:00","twitter_card":"summary_large_image","twitter_misc":{"Est. reading time":"2 minutes"},"schema":{"@context":"https:\/\/schema.org","@graph":[{"@type":"WebPage","@id":"https:\/\/www.campinglloretblau.com\/ca\/condicions-dus\/","url":"https:\/\/www.campinglloretblau.com\/ca\/condicions-dus\/","name":"Condicions d'\u00fas - Camping Lloret Blau","isPartOf":{"@id":"https:\/\/www.campinglloretblau.com\/ca\/#website"},"datePublished":"2022-03-24T10:35:33+00:00","dateModified":"2023-04-25T13:42:08+00:00","description":"Coneix les nostres condicions d'\u00fas i termes legals a Camping Lloret Blau. Informaci\u00f3 important per a una estada segura i tranquil\u00b7la en el nostre c\u00e0mping","breadcrumb":{"@id":"https:\/\/www.campinglloretblau.com\/ca\/condicions-dus\/#breadcrumb"},"inLanguage":"ca","potentialAction":[{"@type":"ReadAction","target":["https:\/\/www.campinglloretblau.com\/ca\/condicions-dus\/"]}]},{"@type":"BreadcrumbList","@id":"https:\/\/www.campinglloretblau.com\/ca\/condicions-dus\/#breadcrumb","itemListElement":[{"@type":"ListItem","position":1,"name":"Home","item":"https:\/\/www.campinglloretblau.com\/ca\/"},{"@type":"ListItem","position":2,"name":"Condicions d&#8217;\u00fas"}]},{"@type":"WebSite","@id":"https:\/\/www.campinglloretblau.com\/ca\/#website","url":"https:\/\/www.campinglloretblau.com\/ca\/","name":"Camping Lloret Blau","description":"","potentialAction":[{"@type":"SearchAction","target":{"@type":"EntryPoint","urlTemplate":"https:\/\/www.campinglloretblau.com\/ca\/?s={search_term_string}"},"query-input":{"@type":"PropertyValueSpecification","valueRequired":true,"valueName":"search_term_string"}}],"inLanguage":"ca"}]}},"_links":{"self":[{"href":"https:\/\/www.campinglloretblau.com\/ca\/wp-json\/wp\/v2\/pages\/1926","targetHints":{"allow":["GET"]}}],"collection":[{"href":"https:\/\/www.campinglloretblau.com\/ca\/wp-json\/wp\/v2\/pages"}],"about":[{"href":"https:\/\/www.campinglloretblau.com\/ca\/wp-json\/wp\/v2\/types\/page"}],"author":[{"embeddable":true,"href":"https:\/\/www.campinglloretblau.com\/ca\/wp-json\/wp\/v2\/users\/1"}],"replies":[{"embeddable":true,"href":"https:\/\/www.campinglloretblau.com\/ca\/wp-json\/wp\/v2\/comments?post=1926"}],"version-history":[{"count":5,"href":"https:\/\/www.campinglloretblau.com\/ca\/wp-json\/wp\/v2\/pages\/1926\/revisions"}],"predecessor-version":[{"id":5735,"href":"https:\/\/www.campinglloretblau.com\/ca\/wp-json\/wp\/v2\/pages\/1926\/revisions\/5735"}],"wp:attachment":[{"href":"https:\/\/www.campinglloretblau.com\/ca\/wp-json\/wp\/v2\/media?parent=1926"}],"curies":[{"name":"wp","href":"https:\/\/api.w.org\/{rel}","templated":true}]}}