{"id":1793,"date":"2022-05-23T13:39:54","date_gmt":"2022-05-23T13:39:54","guid":{"rendered":"https:\/\/www.campinglloretblau.com\/aparcament-de-autocaravanas\/"},"modified":"2026-01-19T08:24:47","modified_gmt":"2026-01-19T08:24:47","slug":"aparcament-de-autocaravanas","status":"publish","type":"page","link":"https:\/\/www.campinglloretblau.com\/ca\/allotjaments\/aparcament-de-autocaravanas\/","title":{"rendered":"Aparcament de autocaravanas"},"content":{"rendered":"<div class=\"wp-block-gallery slider header_slider\"><img decoding=\"async\" data-src=\"https:\/\/www.campinglloretblau.com\/wp-content\/uploads\/2022\/05\/parking-autocaravanas.jpg\" alt=\"\" src=\"data:image\/svg+xml;base64,PHN2ZyB3aWR0aD0iMSIgaGVpZ2h0PSIxIiB4bWxucz0iaHR0cDovL3d3dy53My5vcmcvMjAwMC9zdmciPjwvc3ZnPg==\" class=\"lazyload\" style=\"--smush-placeholder-width: 840px; --smush-placeholder-aspect-ratio: 840\/630;\" \/><img decoding=\"async\" data-src=\"https:\/\/www.campinglloretblau.com\/wp-content\/uploads\/2022\/05\/autocaravanas-camping-lloret-blau.jpg\" alt=\"\" src=\"data:image\/svg+xml;base64,PHN2ZyB3aWR0aD0iMSIgaGVpZ2h0PSIxIiB4bWxucz0iaHR0cDovL3d3dy53My5vcmcvMjAwMC9zdmciPjwvc3ZnPg==\" class=\"lazyload\" style=\"--smush-placeholder-width: 840px; --smush-placeholder-aspect-ratio: 840\/630;\" \/><img decoding=\"async\" data-src=\"https:\/\/www.campinglloretblau.com\/wp-content\/uploads\/2022\/05\/lloret-mar-autocaravana.jpg\" alt=\"\" src=\"data:image\/svg+xml;base64,PHN2ZyB3aWR0aD0iMSIgaGVpZ2h0PSIxIiB4bWxucz0iaHR0cDovL3d3dy53My5vcmcvMjAwMC9zdmciPjwvc3ZnPg==\" class=\"lazyload\" style=\"--smush-placeholder-width: 840px; --smush-placeholder-aspect-ratio: 840\/630;\" \/><img decoding=\"async\" data-src=\"https:\/\/www.campinglloretblau.com\/wp-content\/uploads\/2022\/05\/lloret-mar-parking-caravanas.jpg\" alt=\"\" src=\"data:image\/svg+xml;base64,PHN2ZyB3aWR0aD0iMSIgaGVpZ2h0PSIxIiB4bWxucz0iaHR0cDovL3d3dy53My5vcmcvMjAwMC9zdmciPjwvc3ZnPg==\" class=\"lazyload\" style=\"--smush-placeholder-width: 840px; --smush-placeholder-aspect-ratio: 840\/630;\" \/><\/div>\n\n<div id=\"container-block_15caf1a35fede705bf8d355e83ca2a7f\" class=\"wp-block-group wp-block-container big-padding-top\">\n    \n\n<h1 class=\"wp-block-heading has-text-align-center\">Camp and go a Lloret de Mar<\/h1>\n\n\n\n<p class=\"has-text-align-center\">Aparca la teva Autocaravana a 10 minuts a peu del centre de Lloret de Mar!<\/p>\n\n\n<div class=\"feature_box\"><div class=\"item item_wifi\">Wifi<\/div><div class=\"item item_electricidad\">Electricitat<\/div><div class=\"item item_bar\">Bar<\/div><div class=\"item item_barbacoa\">Barbacoa<\/div><div class=\"item item_alquiler_bicicletas\">Lloguer bicicletes<\/div><div class=\"item item_caravana\">Caravana<\/div><div class=\"item item_inflables\">Inflables<\/div><div class=\"item item_lavarropas\">Rentadora<\/div><div class=\"item item_pet_friendly\">Pet Friendly<\/div><div class=\"item item_piscina\">Piscina<\/div><div class=\"item item_ducha\">Dutxa<\/div><div class=\"item item_supermercado\">Supermercat<\/div><div class=\"item item_take_away\">Take away<\/div><\/div>\n\n\n\n<div class=\"wp-block-buttons is-content-justification-center is-layout-flex wp-container-core-buttons-is-layout-16018d1d wp-block-buttons-is-layout-flex\">\n<div class=\"wp-block-button boton_alternativo\"><a class=\"wp-block-button__link wp-element-button\" href=\"https:\/\/engine.prod.witbooking.com\/ca\/hotel\/campinglloretblau\"> RESERVA ARA<\/a><\/div>\n<\/div>\n\n\n<\/div>\n\n<div id=\"container-block_5211c839b10dfda9cce049c692cb28e6\" class=\"wp-block-group wp-block-container big-padding-top big-wrapper\">\n    \n\n<h2 class=\"wp-block-heading\">P\u00e0rquing per a autocaravanes a Lloret<\/h2>\n\n\n\n<ul class=\"wp-block-list tag_list\">\n<li>AIGUA, BANY I ELECTRICITAT<\/li>\n\n\n\n<li>PET-FRIENDLY<\/li>\n\n\n\n<li><a href=\"https:\/\/www.campinglloretblau.com\/ca\/el-camping\/\">SERVEIS DEL C\u00c0MPING<\/a><\/li>\n\n\n\n<li><a href=\"\/wp-content\/uploads\/2022\/05\/Plano-informatiu-Camping-Lloret-Blau-MH.pdf\" target=\"_blank\" rel=\"noreferrer noopener\">VEURE PLA<\/a><\/li>\n<\/ul>\n\n\n\n<p>Si est\u00e0s de pas fent alguna ruta interessant per la costa no dubtis a aparcar la teva autocaravana en el C\u00e0mping Lloret Blau en plena la Costa Brava. Reposa forces i descansa un o dos dies o el temps que necessitis perqu\u00e8 a partir <strong>d&#8217;OCTUBRE fins a ABRIL<\/strong> oferim p\u00e1rquing per a Autocaravanes, Caravanes i Campers amb preus molt interessants.<\/p>\n\n\n\n<p><strong>MAIG,&nbsp; &nbsp;JUNY&nbsp; &nbsp;I&nbsp; &nbsp;SETEMBRE<\/strong>&nbsp; &nbsp; acceptem ACSI, CaravaningCard i CampingKey.<\/p>\n\n\n\n<p>Aparca la teva Autocaravana a 10 minuts a peu del centre de Lloret de Mar!<\/p>\n\n\n<\/div>\n\n<div id=\"container-block_5211c839b10dfda9cce049c692cb28e6\" class=\"wp-block-group wp-block-container big-padding-top big-wrapper\">\n    \n\n<h2 class=\"wp-block-heading\">Preus<\/h2>\n\n\n\n<p><\/p>\n\n\n\n<div class=\"wp-block-columns lista_precios is-layout-flex wp-container-core-columns-is-layout-9d6595d7 wp-block-columns-is-layout-flex\">\n<div class=\"wp-block-column is-layout-flow wp-block-column-is-layout-flow\"><\/div>\n\n\n\n<div class=\"wp-block-column is-layout-flow wp-block-column-is-layout-flow\">\n<div class=\"wp-block-buttons is-content-justification-center is-layout-flex wp-container-core-buttons-is-layout-16018d1d wp-block-buttons-is-layout-flex\">\n<div class=\"wp-block-button boton_alternativo\"><a class=\"wp-block-button__link wp-element-button\" href=\"https:\/\/engine.prod.witbooking.com\/ca\/hotel\/campinglloretblau\">RESERVA ARA<\/a><\/div>\n<\/div>\n<\/div>\n\n\n\n<div class=\"wp-block-column is-layout-flow wp-block-column-is-layout-flow\"><\/div>\n<\/div>\n\n\n<\/div>","protected":false},"excerpt":{"rendered":"","protected":false},"author":1,"featured_media":0,"parent":1894,"menu_order":0,"comment_status":"closed","ping_status":"closed","template":"template-publicaciones.php","meta":{"_acf_changed":false,"_joinchat":[],"footnotes":""},"class_list":["post-1793","page","type-page","status-publish","hentry"],"acf":[],"yoast_head":"<!-- This site is optimized with the Yoast SEO plugin v27.6 - https:\/\/yoast.com\/product\/yoast-seo-wordpress\/ -->\n<title>\u00c0rea per a Autocaravanes, Caravanes i Campers - Camping Lloret Blau<\/title>\n<meta name=\"description\" content=\"Servei d&#039;\u00e0rea de\u00a0p\u00e0rquing\u00a0per Autocaravanes, Caravanes i Campers del 30 de setembre al 9 d&#039;abril. A 10 minuts a peu del centre de Lloret\" \/>\n<meta name=\"robots\" content=\"index, follow, max-snippet:-1, max-image-preview:large, max-video-preview:-1\" \/>\n<link rel=\"canonical\" href=\"https:\/\/www.campinglloretblau.com\/ca\/allotjaments\/aparcament-de-autocaravanas\/\" \/>\n<meta property=\"og:locale\" content=\"ca_ES\" \/>\n<meta property=\"og:type\" content=\"article\" \/>\n<meta property=\"og:title\" content=\"\u00c0rea per a Autocaravanes, Caravanes i Campers - Camping Lloret Blau\" \/>\n<meta property=\"og:description\" content=\"Servei d&#039;\u00e0rea de\u00a0p\u00e0rquing\u00a0per Autocaravanes, Caravanes i Campers del 30 de setembre al 9 d&#039;abril. A 10 minuts a peu del centre de Lloret\" \/>\n<meta property=\"og:url\" content=\"https:\/\/www.campinglloretblau.com\/ca\/allotjaments\/aparcament-de-autocaravanas\/\" \/>\n<meta property=\"og:site_name\" content=\"Camping Lloret Blau\" \/>\n<meta property=\"article:modified_time\" content=\"2026-01-19T08:24:47+00:00\" \/>\n<meta property=\"og:image\" content=\"https:\/\/www.campinglloretblau.com\/wp-content\/uploads\/2022\/05\/parking-autocaravanas.jpg\" \/>\n<meta name=\"twitter:card\" content=\"summary_large_image\" \/>\n<meta name=\"twitter:label1\" content=\"Est. reading time\" \/>\n\t<meta name=\"twitter:data1\" content=\"3 minutes\" \/>\n<script type=\"application\/ld+json\" class=\"yoast-schema-graph\">{\"@context\":\"https:\\\/\\\/schema.org\",\"@graph\":[{\"@type\":\"WebPage\",\"@id\":\"https:\\\/\\\/www.campinglloretblau.com\\\/ca\\\/allotjaments\\\/aparcament-de-autocaravanas\\\/\",\"url\":\"https:\\\/\\\/www.campinglloretblau.com\\\/ca\\\/allotjaments\\\/aparcament-de-autocaravanas\\\/\",\"name\":\"\u00c0rea per a Autocaravanes, Caravanes i Campers - Camping Lloret Blau\",\"isPartOf\":{\"@id\":\"https:\\\/\\\/www.campinglloretblau.com\\\/ca\\\/#website\"},\"primaryImageOfPage\":{\"@id\":\"https:\\\/\\\/www.campinglloretblau.com\\\/ca\\\/allotjaments\\\/aparcament-de-autocaravanas\\\/#primaryimage\"},\"image\":{\"@id\":\"https:\\\/\\\/www.campinglloretblau.com\\\/ca\\\/allotjaments\\\/aparcament-de-autocaravanas\\\/#primaryimage\"},\"thumbnailUrl\":\"https:\\\/\\\/www.campinglloretblau.com\\\/wp-content\\\/uploads\\\/2022\\\/05\\\/parking-autocaravanas.jpg\",\"datePublished\":\"2022-05-23T13:39:54+00:00\",\"dateModified\":\"2026-01-19T08:24:47+00:00\",\"description\":\"Servei d'\u00e0rea de\u00a0p\u00e0rquing\u00a0per Autocaravanes, Caravanes i Campers del 30 de setembre al 9 d'abril. A 10 minuts a peu del centre de Lloret\",\"breadcrumb\":{\"@id\":\"https:\\\/\\\/www.campinglloretblau.com\\\/ca\\\/allotjaments\\\/aparcament-de-autocaravanas\\\/#breadcrumb\"},\"inLanguage\":\"ca\",\"potentialAction\":[{\"@type\":\"ReadAction\",\"target\":[\"https:\\\/\\\/www.campinglloretblau.com\\\/ca\\\/allotjaments\\\/aparcament-de-autocaravanas\\\/\"]}]},{\"@type\":\"ImageObject\",\"inLanguage\":\"ca\",\"@id\":\"https:\\\/\\\/www.campinglloretblau.com\\\/ca\\\/allotjaments\\\/aparcament-de-autocaravanas\\\/#primaryimage\",\"url\":\"https:\\\/\\\/www.campinglloretblau.com\\\/wp-content\\\/uploads\\\/2022\\\/05\\\/parking-autocaravanas.jpg\",\"contentUrl\":\"https:\\\/\\\/www.campinglloretblau.com\\\/wp-content\\\/uploads\\\/2022\\\/05\\\/parking-autocaravanas.jpg\"},{\"@type\":\"BreadcrumbList\",\"@id\":\"https:\\\/\\\/www.campinglloretblau.com\\\/ca\\\/allotjaments\\\/aparcament-de-autocaravanas\\\/#breadcrumb\",\"itemListElement\":[{\"@type\":\"ListItem\",\"position\":1,\"name\":\"Home\",\"item\":\"https:\\\/\\\/www.campinglloretblau.com\\\/ca\\\/\"},{\"@type\":\"ListItem\",\"position\":2,\"name\":\"Allotjaments\",\"item\":\"https:\\\/\\\/www.campinglloretblau.com\\\/ca\\\/allotjaments\\\/\"},{\"@type\":\"ListItem\",\"position\":3,\"name\":\"Aparcament de autocaravanas\"}]},{\"@type\":\"WebSite\",\"@id\":\"https:\\\/\\\/www.campinglloretblau.com\\\/ca\\\/#website\",\"url\":\"https:\\\/\\\/www.campinglloretblau.com\\\/ca\\\/\",\"name\":\"Camping Lloret Blau\",\"description\":\"\",\"potentialAction\":[{\"@type\":\"SearchAction\",\"target\":{\"@type\":\"EntryPoint\",\"urlTemplate\":\"https:\\\/\\\/www.campinglloretblau.com\\\/ca\\\/?s={search_term_string}\"},\"query-input\":{\"@type\":\"PropertyValueSpecification\",\"valueRequired\":true,\"valueName\":\"search_term_string\"}}],\"inLanguage\":\"ca\"}]}<\/script>\n<!-- \/ Yoast SEO plugin. -->","yoast_head_json":{"title":"\u00c0rea per a Autocaravanes, Caravanes i Campers - Camping Lloret Blau","description":"Servei d'\u00e0rea de\u00a0p\u00e0rquing\u00a0per Autocaravanes, Caravanes i Campers del 30 de setembre al 9 d'abril. A 10 minuts a peu del centre de Lloret","robots":{"index":"index","follow":"follow","max-snippet":"max-snippet:-1","max-image-preview":"max-image-preview:large","max-video-preview":"max-video-preview:-1"},"canonical":"https:\/\/www.campinglloretblau.com\/ca\/allotjaments\/aparcament-de-autocaravanas\/","og_locale":"ca_ES","og_type":"article","og_title":"\u00c0rea per a Autocaravanes, Caravanes i Campers - Camping Lloret Blau","og_description":"Servei d'\u00e0rea de\u00a0p\u00e0rquing\u00a0per Autocaravanes, Caravanes i Campers del 30 de setembre al 9 d'abril. A 10 minuts a peu del centre de Lloret","og_url":"https:\/\/www.campinglloretblau.com\/ca\/allotjaments\/aparcament-de-autocaravanas\/","og_site_name":"Camping Lloret Blau","article_modified_time":"2026-01-19T08:24:47+00:00","og_image":[{"url":"https:\/\/www.campinglloretblau.com\/wp-content\/uploads\/2022\/05\/parking-autocaravanas.jpg","type":"","width":"","height":""}],"twitter_card":"summary_large_image","twitter_misc":{"Est. reading time":"3 minutes"},"schema":{"@context":"https:\/\/schema.org","@graph":[{"@type":"WebPage","@id":"https:\/\/www.campinglloretblau.com\/ca\/allotjaments\/aparcament-de-autocaravanas\/","url":"https:\/\/www.campinglloretblau.com\/ca\/allotjaments\/aparcament-de-autocaravanas\/","name":"\u00c0rea per a Autocaravanes, Caravanes i Campers - Camping Lloret Blau","isPartOf":{"@id":"https:\/\/www.campinglloretblau.com\/ca\/#website"},"primaryImageOfPage":{"@id":"https:\/\/www.campinglloretblau.com\/ca\/allotjaments\/aparcament-de-autocaravanas\/#primaryimage"},"image":{"@id":"https:\/\/www.campinglloretblau.com\/ca\/allotjaments\/aparcament-de-autocaravanas\/#primaryimage"},"thumbnailUrl":"https:\/\/www.campinglloretblau.com\/wp-content\/uploads\/2022\/05\/parking-autocaravanas.jpg","datePublished":"2022-05-23T13:39:54+00:00","dateModified":"2026-01-19T08:24:47+00:00","description":"Servei d'\u00e0rea de\u00a0p\u00e0rquing\u00a0per Autocaravanes, Caravanes i Campers del 30 de setembre al 9 d'abril. A 10 minuts a peu del centre de Lloret","breadcrumb":{"@id":"https:\/\/www.campinglloretblau.com\/ca\/allotjaments\/aparcament-de-autocaravanas\/#breadcrumb"},"inLanguage":"ca","potentialAction":[{"@type":"ReadAction","target":["https:\/\/www.campinglloretblau.com\/ca\/allotjaments\/aparcament-de-autocaravanas\/"]}]},{"@type":"ImageObject","inLanguage":"ca","@id":"https:\/\/www.campinglloretblau.com\/ca\/allotjaments\/aparcament-de-autocaravanas\/#primaryimage","url":"https:\/\/www.campinglloretblau.com\/wp-content\/uploads\/2022\/05\/parking-autocaravanas.jpg","contentUrl":"https:\/\/www.campinglloretblau.com\/wp-content\/uploads\/2022\/05\/parking-autocaravanas.jpg"},{"@type":"BreadcrumbList","@id":"https:\/\/www.campinglloretblau.com\/ca\/allotjaments\/aparcament-de-autocaravanas\/#breadcrumb","itemListElement":[{"@type":"ListItem","position":1,"name":"Home","item":"https:\/\/www.campinglloretblau.com\/ca\/"},{"@type":"ListItem","position":2,"name":"Allotjaments","item":"https:\/\/www.campinglloretblau.com\/ca\/allotjaments\/"},{"@type":"ListItem","position":3,"name":"Aparcament de autocaravanas"}]},{"@type":"WebSite","@id":"https:\/\/www.campinglloretblau.com\/ca\/#website","url":"https:\/\/www.campinglloretblau.com\/ca\/","name":"Camping Lloret Blau","description":"","potentialAction":[{"@type":"SearchAction","target":{"@type":"EntryPoint","urlTemplate":"https:\/\/www.campinglloretblau.com\/ca\/?s={search_term_string}"},"query-input":{"@type":"PropertyValueSpecification","valueRequired":true,"valueName":"search_term_string"}}],"inLanguage":"ca"}]}},"_links":{"self":[{"href":"https:\/\/www.campinglloretblau.com\/ca\/wp-json\/wp\/v2\/pages\/1793","targetHints":{"allow":["GET"]}}],"collection":[{"href":"https:\/\/www.campinglloretblau.com\/ca\/wp-json\/wp\/v2\/pages"}],"about":[{"href":"https:\/\/www.campinglloretblau.com\/ca\/wp-json\/wp\/v2\/types\/page"}],"author":[{"embeddable":true,"href":"https:\/\/www.campinglloretblau.com\/ca\/wp-json\/wp\/v2\/users\/1"}],"replies":[{"embeddable":true,"href":"https:\/\/www.campinglloretblau.com\/ca\/wp-json\/wp\/v2\/comments?post=1793"}],"version-history":[{"count":9,"href":"https:\/\/www.campinglloretblau.com\/ca\/wp-json\/wp\/v2\/pages\/1793\/revisions"}],"predecessor-version":[{"id":32707,"href":"https:\/\/www.campinglloretblau.com\/ca\/wp-json\/wp\/v2\/pages\/1793\/revisions\/32707"}],"up":[{"embeddable":true,"href":"https:\/\/www.campinglloretblau.com\/ca\/wp-json\/wp\/v2\/pages\/1894"}],"wp:attachment":[{"href":"https:\/\/www.campinglloretblau.com\/ca\/wp-json\/wp\/v2\/media?parent=1793"}],"curies":[{"name":"wp","href":"https:\/\/api.w.org\/{rel}","templated":true}]}}